{"id":227,"date":"2022-12-22T15:19:45","date_gmt":"2022-12-22T14:19:45","guid":{"rendered":"https:\/\/fitcake.gogler.link\/?page_id=227"},"modified":"2026-03-19T11:23:57","modified_gmt":"2026-03-19T10:23:57","slug":"fit-kake-tilbud","status":"publish","type":"page","link":"https:\/\/fitcake.gogler.link\/no\/fit-kake-tilbud\/","title":{"rendered":"Fit Cake tilbud"},"content":{"rendered":"<section class=\"l-section wpb_row us_custom_3104c179 height_medium\" id=\"left-shape-section\"><div class=\"l-section-h i-cf\"><div class=\"g-cols vc_row via_flex valign_top type_default stacking_default\"><div class=\"vc_col-sm-12 wpb_column vc_column_container\"><div class=\"vc_column-inner\"><div class=\"wpb_wrapper\"><div class=\"w-hwrapper align_center valign_top\" style=\"--hwrapper-gap:1.5rem\"><div class=\"w-image align_none\"><div class=\"w-image-h\"><img width=\"139\" height=\"66\" src=\"https:\/\/fitcake.gogler.link\/wp-content\/uploads\/2022\/12\/blue-arrow.png\" class=\"attachment-large size-large\" alt=\"\" decoding=\"async\" loading=\"lazy\" srcset=\"https:\/\/fitcake.gogler.link\/wp-content\/uploads\/2022\/12\/blue-arrow.png 139w, https:\/\/fitcake.gogler.link\/wp-content\/uploads\/2022\/12\/blue-arrow-18x9.png 18w\" sizes=\"(max-width: 139px) 100vw, 139px\" \/><\/div><\/div><h2 class=\"w-text us_custom_0259209c has_text_color\"><span class=\"w-text-h\"><span class=\"w-text-value\">Sjekk tilbudet v\u00e5rt<\/span><\/span><\/h2><\/div><div class=\"w-separator size_small\"><\/div><div class=\"w-text us_custom_29f6d296 has_text_color\"><span class=\"w-text-h\"><span class=\"w-text-value\">Prisene avhenger av beliggenhet<\/span><\/span><\/div><\/div><\/div><\/div><\/div><\/div><\/section><section class=\"l-section wpb_row height_auto\"><div class=\"l-section-h i-cf\"><div class=\"g-cols vc_row via_flex valign_top type_default stacking_default\"><div class=\"vc_col-sm-12 wpb_column vc_column_container\"><div class=\"vc_column-inner\"><div class=\"wpb_wrapper\"><div class=\"g-cols wpb_row us_custom_ea15b364 oferta-karty via_flex valign_top type_default stacking_default\"><div class=\"vc_col-sm-6 vc_col-md-4 vc_col-xs-12 wpb_column vc_column_container has-link\"><div class=\"vc_column-inner\"><div class=\"wpb_wrapper\"><div class=\"w-vwrapper us_custom_891a7cc8 align_none valign_top\"><div class=\"w-image us_custom_fd548b18 has_ratio align_none\"><div class=\"w-image-h\"><div style=\"padding-bottom:100%\"><\/div><img width=\"364\" height=\"364\" src=\"https:\/\/fitcake.gogler.link\/wp-content\/uploads\/2022\/12\/sniadania.jpg\" class=\"attachment-large size-large\" alt=\"\" decoding=\"async\" loading=\"lazy\" srcset=\"https:\/\/fitcake.gogler.link\/wp-content\/uploads\/2022\/12\/sniadania.jpg 364w, https:\/\/fitcake.gogler.link\/wp-content\/uploads\/2022\/12\/sniadania-300x300.jpg 300w, https:\/\/fitcake.gogler.link\/wp-content\/uploads\/2022\/12\/sniadania-150x150.jpg 150w, https:\/\/fitcake.gogler.link\/wp-content\/uploads\/2022\/12\/sniadania-12x12.jpg 12w\" sizes=\"(max-width: 364px) 100vw, 364px\" \/><\/div><\/div><h3 class=\"w-text us_custom_fda77c20 oferta-circle-text has_text_color\"><span class=\"w-text-h\"><span class=\"w-text-value\">Frokoster<\/span><\/span><\/h3><\/div><\/div><\/div><a title=\"Frokoster\" href=\"\/no\/fit-kake-tilbud\/frokoster\/\" class=\"vc_column-link smooth-scroll\"><\/a><\/div><div class=\"vc_col-sm-6 vc_col-md-4 wpb_column vc_column_container has-link\"><div class=\"vc_column-inner\"><div class=\"wpb_wrapper\"><div class=\"w-vwrapper us_custom_891a7cc8 align_none valign_top\"><div class=\"w-image us_custom_fd548b18 has_ratio align_none\"><div class=\"w-image-h\"><div style=\"padding-bottom:100%\"><\/div><img width=\"1024\" height=\"1024\" src=\"https:\/\/fitcake.gogler.link\/wp-content\/uploads\/2025\/11\/fit-cake-ciasta.jpg\" class=\"attachment-large size-large\" alt=\"\" decoding=\"async\" loading=\"lazy\" srcset=\"https:\/\/fitcake.gogler.link\/wp-content\/uploads\/2025\/11\/fit-cake-ciasta.jpg 1024w, https:\/\/fitcake.gogler.link\/wp-content\/uploads\/2025\/11\/fit-cake-ciasta-300x300.jpg 300w, https:\/\/fitcake.gogler.link\/wp-content\/uploads\/2025\/11\/fit-cake-ciasta-150x150.jpg 150w, https:\/\/fitcake.gogler.link\/wp-content\/uploads\/2025\/11\/fit-cake-ciasta-12x12.jpg 12w, https:\/\/fitcake.gogler.link\/wp-content\/uploads\/2025\/11\/fit-cake-ciasta-600x600.jpg 600w, https:\/\/fitcake.gogler.link\/wp-content\/uploads\/2025\/11\/fit-cake-ciasta-800x800.jpg 800w\" sizes=\"(max-width: 1024px) 100vw, 1024px\" \/><\/div><\/div><h3 class=\"w-text us_custom_fda77c20 oferta-circle-text has_text_color\"><span class=\"w-text-h\"><span class=\"w-text-value\">Kaker<\/span><\/span><\/h3><\/div><\/div><\/div><a title=\"Kaker\" href=\"\/no\/fit-kake-tilbud\/kaker\/\" class=\"vc_column-link smooth-scroll\"><\/a><\/div><div class=\"vc_col-sm-6 vc_col-md-4 wpb_column vc_column_container has-link\"><div class=\"vc_column-inner\"><div class=\"wpb_wrapper\"><div class=\"w-vwrapper us_custom_891a7cc8 align_none valign_top\"><div class=\"w-image us_custom_fd548b18 has_ratio align_none\"><div class=\"w-image-h\"><div style=\"padding-bottom:100%\"><\/div><img width=\"1024\" height=\"1024\" src=\"https:\/\/fitcake.gogler.link\/wp-content\/uploads\/2025\/11\/fit-cake-monoporcje-1.jpg\" class=\"attachment-large size-large\" alt=\"\" decoding=\"async\" loading=\"lazy\" srcset=\"https:\/\/fitcake.gogler.link\/wp-content\/uploads\/2025\/11\/fit-cake-monoporcje-1.jpg 1024w, https:\/\/fitcake.gogler.link\/wp-content\/uploads\/2025\/11\/fit-cake-monoporcje-1-300x300.jpg 300w, https:\/\/fitcake.gogler.link\/wp-content\/uploads\/2025\/11\/fit-cake-monoporcje-1-150x150.jpg 150w, https:\/\/fitcake.gogler.link\/wp-content\/uploads\/2025\/11\/fit-cake-monoporcje-1-12x12.jpg 12w, https:\/\/fitcake.gogler.link\/wp-content\/uploads\/2025\/11\/fit-cake-monoporcje-1-600x600.jpg 600w, https:\/\/fitcake.gogler.link\/wp-content\/uploads\/2025\/11\/fit-cake-monoporcje-1-800x800.jpg 800w\" sizes=\"(max-width: 1024px) 100vw, 1024px\" \/><\/div><\/div><h3 class=\"w-text us_custom_fda77c20 oferta-circle-text has_text_color\"><span class=\"w-text-h\"><span class=\"w-text-value\">Monoporasjoner<\/span><\/span><\/h3><\/div><\/div><\/div><a title=\"Monoporasjoner\" href=\"\/no\/fit-kake-tilbud\/monoporasjoner\/\" class=\"vc_column-link smooth-scroll\"><\/a><\/div><\/div><\/div><\/div><\/div><\/div><\/div><\/section>","protected":false},"excerpt":{"rendered":"Sprawd\u017a nasz\u0105 ofert\u0119Ceny zale\u017c\u0105 od lokalizacji\u015aniadaniaCiastaMonoporcje","protected":false},"author":1,"featured_media":0,"parent":0,"menu_order":0,"comment_status":"closed","ping_status":"closed","template":"","meta":[],"acf":[],"_links":{"self":[{"href":"https:\/\/fitcake.gogler.link\/no\/wp-json\/wp\/v2\/pages\/227"}],"collection":[{"href":"https:\/\/fitcake.gogler.link\/no\/wp-json\/wp\/v2\/pages"}],"about":[{"href":"https:\/\/fitcake.gogler.link\/no\/wp-json\/wp\/v2\/types\/page"}],"author":[{"embeddable":true,"href":"https:\/\/fitcake.gogler.link\/no\/wp-json\/wp\/v2\/users\/1"}],"replies":[{"embeddable":true,"href":"https:\/\/fitcake.gogler.link\/no\/wp-json\/wp\/v2\/comments?post=227"}],"version-history":[{"count":0,"href":"https:\/\/fitcake.gogler.link\/no\/wp-json\/wp\/v2\/pages\/227\/revisions"}],"wp:attachment":[{"href":"https:\/\/fitcake.gogler.link\/no\/wp-json\/wp\/v2\/media?parent=227"}],"curies":[{"name":"wp","href":"https:\/\/api.w.org\/{rel}","templated":true}]}}