{"id":2055,"date":"2023-04-13T11:29:44","date_gmt":"2023-04-13T09:29:44","guid":{"rendered":"https:\/\/fitcake.gogler.link\/?page_id=2055"},"modified":"2026-03-19T11:55:46","modified_gmt":"2026-03-19T10:55:46","slug":"frokoster","status":"publish","type":"page","link":"https:\/\/fitcake.gogler.link\/no\/keto-kake-tilbud\/frokoster\/","title":{"rendered":"Frokoster"},"content":{"rendered":"<section class=\"l-section wpb_row us_custom_0b0a76a2 height_medium\" id=\"left-shape-section\"><div class=\"l-section-h i-cf\"><div class=\"g-cols vc_row via_flex valign_top type_default stacking_default\"><div class=\"vc_col-sm-12 wpb_column vc_column_container\"><div class=\"vc_column-inner\"><div class=\"wpb_wrapper\"><div class=\"w-hwrapper us_custom_b51c0c2f align_center valign_top\" style=\"--hwrapper-gap:1.5rem\"><div class=\"w-image align_none\"><div class=\"w-image-h\"><img width=\"139\" height=\"66\" src=\"https:\/\/fitcake.gogler.link\/wp-content\/uploads\/2022\/12\/blue-arrow.png\" class=\"attachment-large size-large\" alt=\"\" decoding=\"async\" loading=\"lazy\" srcset=\"https:\/\/fitcake.gogler.link\/wp-content\/uploads\/2022\/12\/blue-arrow.png 139w, https:\/\/fitcake.gogler.link\/wp-content\/uploads\/2022\/12\/blue-arrow-18x9.png 18w\" sizes=\"(max-width: 139px) 100vw, 139px\" \/><\/div><\/div><h2 class=\"w-text us_custom_0259209c has_text_color\"><span class=\"w-text-h\"><span class=\"w-text-value\">Frokoster<\/span><\/span><\/h2><\/div><div class=\"w-separator size_medium\"><\/div><div class=\"w-grid type_grid layout_238 cols_3\" id=\"us_grid_1\" data-filterable=\"true\"><style>#us_grid_1 .w-grid-item{padding:1.5rem}#us_grid_1 .w-grid-list{margin:-1.5rem -1.5rem 1.5rem}.w-grid + #us_grid_1 .w-grid-list,.w-grid-none + #us_grid_1 .w-grid-list{margin-top:1.5rem}@media (max-width:899px){#us_grid_1 .w-grid-item{width:50%}}@media (max-width:599px){#us_grid_1 .w-grid-list{margin:0}#us_grid_1 .w-grid-item{width:100%;padding:0;margin-bottom:1.5rem}}.layout_238 .w-grid-item-h{}.layout_238 .usg_post_image_1{border-radius:14px!important;box-shadow:10px 10px 10px 0 rgba(8,8,8,0.30)!important}.layout_238 .usg_post_title_1{color:var(--color-content-heading)!important}.layout_238 .usg_post_content_1{font-size:14px!important}<\/style><div class=\"w-grid-list\">\t<article class=\"w-grid-item size_1x1 post-3516 produkty type-produkty status-publish has-post-thumbnail hentry kategorie-sniadania czy_produkt_jest_keto-tak alergeny-bez-gorczycy alergeny-bez-laktozy alergeny-bez-mleka alergeny-bez-orzechow alergeny-bez-ryb alergeny-bez-selera alergeny-bez-sezamu alergeny-bez-soi alergeny-keto\" data-id=\"3516\">\r\n\t\t<div class=\"w-grid-item-h\">\r\n\t\t\t\t\t\t<div class=\"w-vwrapper usg_vwrapper_1 align_none valign_top\" style=\"--vwrapper-gap:1.2rem\"><div class=\"w-post-elm post_image usg_post_image_1 has_ratio\"><div style=\"padding-bottom:75%\"><\/div><img width=\"800\" height=\"533\" src=\"https:\/\/fitcake.gogler.link\/wp-content\/uploads\/2024\/12\/siemianka-oreo.jpg\" class=\"attachment-large size-large wp-post-image\" alt=\"\" decoding=\"async\" loading=\"lazy\" srcset=\"https:\/\/fitcake.gogler.link\/wp-content\/uploads\/2024\/12\/siemianka-oreo.jpg 800w, https:\/\/fitcake.gogler.link\/wp-content\/uploads\/2024\/12\/siemianka-oreo-300x200.jpg 300w, https:\/\/fitcake.gogler.link\/wp-content\/uploads\/2024\/12\/siemianka-oreo-600x400.jpg 600w, https:\/\/fitcake.gogler.link\/wp-content\/uploads\/2024\/12\/siemianka-oreo-18x12.jpg 18w\" sizes=\"(max-width: 800px) 100vw, 800px\" \/><\/div><h3 class=\"w-post-elm post_title usg_post_title_1 has_text_color align_center entry-title color_link_inherit\">BL\u00c5B\u00c6R AMOREO<\/h3><div class=\"w-post-elm post_content usg_post_content_1\"><p><strong>Del<\/strong> = 114 kJ, kcal:480, T:38g W:12g B:22g fiber 6g<\/p>\n<p><strong>Ingredienser:<\/strong> Et alternativ til yoghurt, kokosmelk og kokosn\u00f8tt,<strong> egg<\/strong>b\u00e6r, s\u00f8tningsmiddel: erytrol, vann, <strong>albumin<\/strong>, lin, kakao, svart kakao, a'la oreo Fit cake*, bakepulver, sitronsaft, stabilisator: agar, Himalayasalt.<\/p>\n<p><em>*kokosolje, s\u00f8tningsmiddel: erytrol, kokosmel, kakao, vann, svart kakao, stabilisator: xantangummi, himalayasalt<\/em><\/p>\n<p><strong>(keto, sukkerfri, glutenfri, laktosefri, n\u00f8ttefri)<\/strong><\/p>\n<\/div><\/div>\t\t<\/div>\r\n\t<\/article>\r\n\t<article class=\"w-grid-item size_1x1 post-3517 produkty type-produkty status-publish has-post-thumbnail hentry kategorie-sniadania czy_produkt_jest_keto-tak alergeny-bez-gorczycy alergeny-bez-laktozy alergeny-bez-mleka alergeny-bez-ryb alergeny-bez-selera alergeny-bez-sezamu alergeny-keto\" data-id=\"3517\">\r\n\t\t<div class=\"w-grid-item-h\">\r\n\t\t\t\t\t\t<div class=\"w-vwrapper usg_vwrapper_1 align_none valign_top\" style=\"--vwrapper-gap:1.2rem\"><div class=\"w-post-elm post_image usg_post_image_1 has_ratio\"><div style=\"padding-bottom:75%\"><\/div><img width=\"800\" height=\"533\" src=\"https:\/\/fitcake.gogler.link\/wp-content\/uploads\/2024\/12\/pistacjowa.jpg\" class=\"attachment-large size-large wp-post-image\" alt=\"\" decoding=\"async\" loading=\"lazy\" srcset=\"https:\/\/fitcake.gogler.link\/wp-content\/uploads\/2024\/12\/pistacjowa.jpg 800w, https:\/\/fitcake.gogler.link\/wp-content\/uploads\/2024\/12\/pistacjowa-300x200.jpg 300w, https:\/\/fitcake.gogler.link\/wp-content\/uploads\/2024\/12\/pistacjowa-600x400.jpg 600w, https:\/\/fitcake.gogler.link\/wp-content\/uploads\/2024\/12\/pistacjowa-18x12.jpg 18w\" sizes=\"(max-width: 800px) 100vw, 800px\" \/><\/div><h3 class=\"w-post-elm post_title usg_post_title_1 has_text_color align_center entry-title color_link_inherit\">SIEMIANKA PISTACCHIO<\/h3><div class=\"w-post-elm post_content usg_post_content_1\"><p><strong>Del<\/strong> = 117 kJ, kcal:488, T:41g W:15g B:19g fiber 2g<\/p>\n<p><strong>Ingredienser:<\/strong> Kokosmelk, <strong>pistasjpasta<\/strong>, <strong>eggehviter<\/strong>, <strong>mandeldrikk<\/strong>, <strong>albumin<\/strong>, s\u00f8tningsmiddel: erytrol, vann, <strong>m\u00f8rk sjokolade*<\/strong>, <strong>pistasjen\u00f8tter<\/strong>, <strong>fit cream choco nut vegan**<\/strong>, linfr\u00f8, gelatin, himalayasalt.<\/p>\n<p><em>*kakaomasse, kakaopulver med redusert fettinnhold, emulgator: lecitin <strong>soyab\u00f8nner<\/strong>, naturlig vaniljearoma<\/em><br \/>\n<em>**Krem <strong>pean\u00f8tt<\/strong> (75%): [n\u00f8tter <strong>pean\u00f8tter<\/strong> stekt]; s\u00f8tningsmiddel: erytritol; sheaolje, fettredusert kakao, kakaomasse, aromaer, emulgator: lecitiner (fra&nbsp;<strong>soyab\u00f8nner<\/strong>)<\/em><\/p>\n<p><strong>(keto, sukkerfri, glutenfri, laktosefri)<\/strong><\/p>\n<\/div><\/div>\t\t<\/div>\r\n\t<\/article>\r\n\t<article class=\"w-grid-item size_1x1 post-3514 produkty type-produkty status-publish has-post-thumbnail hentry kategorie-sniadania czy_produkt_jest_keto-tak alergeny-bez-gorczycy alergeny-bez-orzechow alergeny-bez-ryb alergeny-bez-selera alergeny-bez-sezamu alergeny-bez-soi alergeny-keto\" data-id=\"3514\">\r\n\t\t<div class=\"w-grid-item-h\">\r\n\t\t\t\t\t\t<div class=\"w-vwrapper usg_vwrapper_1 align_none valign_top\" style=\"--vwrapper-gap:1.2rem\"><div class=\"w-post-elm post_image usg_post_image_1 has_ratio\"><div style=\"padding-bottom:75%\"><\/div><img width=\"800\" height=\"533\" src=\"https:\/\/fitcake.gogler.link\/wp-content\/uploads\/2024\/12\/marsjano.jpg\" class=\"attachment-large size-large wp-post-image\" alt=\"\" decoding=\"async\" loading=\"lazy\" srcset=\"https:\/\/fitcake.gogler.link\/wp-content\/uploads\/2024\/12\/marsjano.jpg 800w, https:\/\/fitcake.gogler.link\/wp-content\/uploads\/2024\/12\/marsjano-300x200.jpg 300w, https:\/\/fitcake.gogler.link\/wp-content\/uploads\/2024\/12\/marsjano-600x400.jpg 600w, https:\/\/fitcake.gogler.link\/wp-content\/uploads\/2024\/12\/marsjano-18x12.jpg 18w\" sizes=\"(max-width: 800px) 100vw, 800px\" \/><\/div><h3 class=\"w-post-elm post_title usg_post_title_1 has_text_color align_center entry-title color_link_inherit\">SIEMIAN MARSJANO<\/h3><div class=\"w-post-elm post_content usg_post_content_1\"><p><strong>Del<\/strong> = 106kJ, kcal:446, T:34g W:14g B:20,5g fiber 3,5g<\/p>\n<p><strong>Ingredienser:<\/strong> <strong>Krem<\/strong>...kokosn\u00f8ttdrikk, <strong>Fit kake* kajmak<\/strong>, <strong>eggehviter<\/strong>, et alternativ til kokosyoghurt, kokosmelk, <strong>albumin<\/strong>,<strong> mascarpone<\/strong>, vann, linfr\u00f8, s\u00f8tningsmiddel: erytrol, gelatin, kakao, himalayasalt.<\/p>\n<p><em>*helmelkpulver, myse fra melkepulver, erytritol, surhetsregulerende midler: trinatriumcitrat, soda<\/em><\/p>\n<p><strong>(keto, sukkerfri, glutenfri, n\u00f8ttefri)<\/strong><\/p>\n<\/div><\/div>\t\t<\/div>\r\n\t<\/article>\r\n\t<article class=\"w-grid-item size_1x1 post-1016 produkty type-produkty status-publish has-post-thumbnail hentry kategorie-sniadania czy_produkt_jest_keto-tak alergeny-bez-kakao alergeny-bez-laktozy alergeny-bez-mleka alergeny-bez-selera alergeny-bez-sezamu alergeny-bez-soi alergeny-keto\" data-id=\"1016\">\r\n\t\t<div class=\"w-grid-item-h\">\r\n\t\t\t\t\t\t<div class=\"w-vwrapper usg_vwrapper_1 align_none valign_top\" style=\"--vwrapper-gap:1.2rem\"><div class=\"w-post-elm post_image usg_post_image_1 has_ratio\"><div style=\"padding-bottom:75%\"><\/div><img width=\"1024\" height=\"682\" src=\"https:\/\/fitcake.gogler.link\/wp-content\/uploads\/2023\/03\/sandwich_tuna-2023-01-23-14-46-09-24-1024x682.jpg\" class=\"attachment-large size-large wp-post-image\" alt=\"\" decoding=\"async\" loading=\"lazy\" srcset=\"https:\/\/fitcake.gogler.link\/wp-content\/uploads\/2023\/03\/sandwich_tuna-2023-01-23-14-46-09-24-1024x682.jpg 1024w, https:\/\/fitcake.gogler.link\/wp-content\/uploads\/2023\/03\/sandwich_tuna-2023-01-23-14-46-09-24-300x200.jpg 300w, https:\/\/fitcake.gogler.link\/wp-content\/uploads\/2023\/03\/sandwich_tuna-2023-01-23-14-46-09-24-600x400.jpg 600w, https:\/\/fitcake.gogler.link\/wp-content\/uploads\/2023\/03\/sandwich_tuna-2023-01-23-14-46-09-24-18x12.jpg 18w, https:\/\/fitcake.gogler.link\/wp-content\/uploads\/2023\/03\/sandwich_tuna-2023-01-23-14-46-09-24-800x533.jpg 800w, https:\/\/fitcake.gogler.link\/wp-content\/uploads\/2023\/03\/sandwich_tuna-2023-01-23-14-46-09-24.jpg 1920w\" sizes=\"(max-width: 1024px) 100vw, 1024px\" \/><\/div><h3 class=\"w-post-elm post_title usg_post_title_1 has_text_color align_center entry-title color_link_inherit\">CLUB SANDWICH MED TUNFISK<\/h3><div class=\"w-post-elm post_content usg_post_content_1\"><p><strong>Porsjon (155 g) = <\/strong>ENERGIVERDI 765KJ\/ 183KCAL<br \/>\nFETT 15,5 G - HVORAV METTEDE FETTSYRER 3,3 G<br \/>\nKARBOHYDRATER 3,4 G - HVORAV SUKKERARTER 0,6 G<br \/>\nPROTEIN 12G<br \/>\nSALT 1,1G<br \/>\nFIBER 3.4G<\/p>\n<p><strong>nettovekt 310 g: 2x 155 g<\/strong><\/p>\n<p>FIT CAKE* ketobr\u00f8d, tunfisk (32%), egg, sennep, kokosmelk, vegansk majones, eggeskall, gr\u00f8nnsaker: salat, mais, agurk, brokkolispirer. Krydder: pepper, himalayasalt.<br \/>\n*Mandelmel, solsikkefr\u00f8, chiafr\u00f8, avskallede gresskarfr\u00f8, linfr\u00f8, avfettet linfr\u00f8mel, eggeskall, Himalayasalt<br \/>\n<strong>(keto, uten tilsatt sukker, glutenfri, laktosefri)<\/strong><\/p>\n<\/div><\/div>\t\t<\/div>\r\n\t<\/article>\r\n\t<article class=\"w-grid-item size_1x1 post-1014 produkty type-produkty status-publish has-post-thumbnail hentry kategorie-sniadania czy_produkt_jest_keto-tak alergeny-bez-jajek alergeny-bez-kakao alergeny-bez-laktozy alergeny-bez-mleka alergeny-bez-ryb alergeny-bez-selera alergeny-bez-sezamu alergeny-bez-soi alergeny-keto\" data-id=\"1014\">\r\n\t\t<div class=\"w-grid-item-h\">\r\n\t\t\t\t\t\t<div class=\"w-vwrapper usg_vwrapper_1 align_none valign_top\" style=\"--vwrapper-gap:1.2rem\"><div class=\"w-post-elm post_image usg_post_image_1 has_ratio\"><div style=\"padding-bottom:75%\"><\/div><img width=\"1024\" height=\"682\" src=\"https:\/\/fitcake.gogler.link\/wp-content\/uploads\/2023\/03\/Keto-club-sandwich-z-pastrami-2023-01-23-14-44-04-28-1-1024x682.jpg\" class=\"attachment-large size-large wp-post-image\" alt=\"\" decoding=\"async\" loading=\"lazy\" srcset=\"https:\/\/fitcake.gogler.link\/wp-content\/uploads\/2023\/03\/Keto-club-sandwich-z-pastrami-2023-01-23-14-44-04-28-1-1024x682.jpg 1024w, https:\/\/fitcake.gogler.link\/wp-content\/uploads\/2023\/03\/Keto-club-sandwich-z-pastrami-2023-01-23-14-44-04-28-1-300x200.jpg 300w, https:\/\/fitcake.gogler.link\/wp-content\/uploads\/2023\/03\/Keto-club-sandwich-z-pastrami-2023-01-23-14-44-04-28-1-600x400.jpg 600w, https:\/\/fitcake.gogler.link\/wp-content\/uploads\/2023\/03\/Keto-club-sandwich-z-pastrami-2023-01-23-14-44-04-28-1-18x12.jpg 18w, https:\/\/fitcake.gogler.link\/wp-content\/uploads\/2023\/03\/Keto-club-sandwich-z-pastrami-2023-01-23-14-44-04-28-1-800x533.jpg 800w, https:\/\/fitcake.gogler.link\/wp-content\/uploads\/2023\/03\/Keto-club-sandwich-z-pastrami-2023-01-23-14-44-04-28-1.jpg 1920w\" sizes=\"(max-width: 1024px) 100vw, 1024px\" \/><\/div><h3 class=\"w-post-elm post_title usg_post_title_1 has_text_color align_center entry-title color_link_inherit\">PASTRAMI-KLUBBSANDWICH<\/h3><div class=\"w-post-elm post_content usg_post_content_1\"><p><strong>Porsjon (135 g)<\/strong> = ENERGIVERDI P\u00c5 806KJ\/ 193 KCAL<br \/>\nFETT 15,5 G - HVORAV METTEDE FETTSYRER 4,3 G<br \/>\nKARBOHYDRATER 4,5 G - HVORAV SUKKERARTER 0,7 G<br \/>\nPROTEIN 9G<br \/>\nSALT 1,1G<br \/>\nFIBRE 3,8G<\/p>\n<p><strong>nettovekt 270 g: 2x 135 g<\/strong><\/p>\n<p>FIT CAKE* ketobr\u00f8d; pastrami (12%), vegansk gouda, gr\u00f8nnsaker: tomat, salat, vegansk majones.<br \/>\n*Mandelmel, solsikkefr\u00f8, chiafr\u00f8, gresskarfr\u00f8 uten skall, linfr\u00f8, avfettet linfr\u00f8mel, eggeskall, salt fra Himalaya.<br \/>\n<strong>(keto, uten tilsatt sukker, glutenfri, laktosefri)<\/strong><\/p>\n<\/div><\/div>\t\t<\/div>\r\n\t<\/article>\r\n<\/div><div class=\"w-grid-preloader\"><div class=\"g-preloader type_1\">\r\n\t<div><\/div>\r\n<\/div>\r\n<\/div>\t<div class=\"w-grid-json hidden\" onclick='return {&quot;action&quot;:&quot;us_ajax_grid&quot;,&quot;ajax_url&quot;:&quot;https:\\\/\\\/fitcake.gogler.link\\\/wp-admin\\\/admin-ajax.php&quot;,&quot;infinite_scroll&quot;:0,&quot;max_num_pages&quot;:1,&quot;pagination&quot;:&quot;infinite&quot;,&quot;permalink_url&quot;:&quot;https:\\\/\\\/fitcake.gogler.link\\\/no\\\/wp-json\\\/wp\\\/v2\\\/pages\\\/2055&quot;,&quot;template_vars&quot;:{&quot;columns&quot;:&quot;3&quot;,&quot;exclude_items&quot;:&quot;none&quot;,&quot;img_size&quot;:&quot;default&quot;,&quot;ignore_items_size&quot;:0,&quot;items_layout&quot;:&quot;238&quot;,&quot;items_offset&quot;:&quot;1&quot;,&quot;load_animation&quot;:&quot;none&quot;,&quot;overriding_link&quot;:&quot;none&quot;,&quot;post_id&quot;:2055,&quot;query_args&quot;:{&quot;post_type&quot;:[&quot;produkty&quot;],&quot;tax_query&quot;:[{&quot;taxonomy&quot;:&quot;kategorie&quot;,&quot;field&quot;:&quot;slug&quot;,&quot;terms&quot;:[&quot;sniadania&quot;]},{&quot;taxonomy&quot;:&quot;czy_produkt_jest_keto&quot;,&quot;field&quot;:&quot;slug&quot;,&quot;terms&quot;:[&quot;tak&quot;]}],&quot;post_status&quot;:[&quot;publish&quot;,&quot;acf-disabled&quot;],&quot;posts_per_page&quot;:999},&quot;orderby_query_args&quot;:{&quot;orderby&quot;:{&quot;date&quot;:&quot;DESC&quot;}},&quot;type&quot;:&quot;grid&quot;,&quot;us_grid_ajax_index&quot;:1,&quot;us_grid_filter_params&quot;:null,&quot;us_grid_index&quot;:1,&quot;_us_grid_post_type&quot;:&quot;produkty&quot;}}'><\/div>\r\n\t<\/div><\/div><\/div><\/div><\/div><\/div><\/section>","protected":false},"excerpt":{"rendered":"Porcja (135g) = WARTO\u015a\u0106 ENERGETYCZNA 806KJ\/ 193 KCAL T\u0141USZCZ 15,5G -W TYM KWASY T\u0141USZCZOWE NASYCONE 4,3G W\u0118GLOWODANY 4,5G -W TYM CUKRY 0,7G BIA\u0141KO 9G S\u00d3L 1,1G B\u0141ONNIK 3,8G masa netto 270g: 2x 135g Chleb keto FIT CAKE*; pastrami (12%), wega\u0144ska gouda, warzywa: pomidor, sa\u0142ata, majonez wega\u0144ski. *m\u0105ka migda\u0142owa, s\u0142onecznik, nasiona chia, pestki dyni bez\u0142uskowej, siemi\u0119...","protected":false},"author":1,"featured_media":311,"parent":1710,"menu_order":0,"comment_status":"closed","ping_status":"closed","template":"","meta":[],"acf":[],"_links":{"self":[{"href":"https:\/\/fitcake.gogler.link\/no\/wp-json\/wp\/v2\/pages\/2055"}],"collection":[{"href":"https:\/\/fitcake.gogler.link\/no\/wp-json\/wp\/v2\/pages"}],"about":[{"href":"https:\/\/fitcake.gogler.link\/no\/wp-json\/wp\/v2\/types\/page"}],"author":[{"embeddable":true,"href":"https:\/\/fitcake.gogler.link\/no\/wp-json\/wp\/v2\/users\/1"}],"replies":[{"embeddable":true,"href":"https:\/\/fitcake.gogler.link\/no\/wp-json\/wp\/v2\/comments?post=2055"}],"version-history":[{"count":0,"href":"https:\/\/fitcake.gogler.link\/no\/wp-json\/wp\/v2\/pages\/2055\/revisions"}],"up":[{"embeddable":true,"href":"https:\/\/fitcake.gogler.link\/no\/wp-json\/wp\/v2\/pages\/1710"}],"wp:featuredmedia":[{"embeddable":true,"href":"https:\/\/fitcake.gogler.link\/no\/wp-json\/wp\/v2\/media\/311"}],"wp:attachment":[{"href":"https:\/\/fitcake.gogler.link\/no\/wp-json\/wp\/v2\/media?parent=2055"}],"curies":[{"name":"wp","href":"https:\/\/api.w.org\/{rel}","templated":true}]}}