{"id":2053,"date":"2023-04-13T11:29:33","date_gmt":"2023-04-13T09:29:33","guid":{"rendered":"https:\/\/fitcake.gogler.link\/?page_id=2053"},"modified":"2026-03-19T11:56:19","modified_gmt":"2026-03-19T10:56:19","slug":"monoporasjoner","status":"publish","type":"page","link":"https:\/\/fitcake.gogler.link\/no\/keto-kake-tilbud\/monoporasjoner\/","title":{"rendered":"Monoporasjoner"},"content":{"rendered":"<section class=\"l-section wpb_row us_custom_0b0a76a2 height_medium\" id=\"left-shape-section\"><div class=\"l-section-h i-cf\"><div class=\"g-cols vc_row via_flex valign_top type_default stacking_default\"><div class=\"vc_col-sm-12 wpb_column vc_column_container\"><div class=\"vc_column-inner\"><div class=\"wpb_wrapper\"><div class=\"w-hwrapper us_custom_b51c0c2f align_center valign_top\" style=\"--hwrapper-gap:1.5rem\"><div class=\"w-image align_none\"><div class=\"w-image-h\"><img width=\"139\" height=\"66\" src=\"https:\/\/fitcake.gogler.link\/wp-content\/uploads\/2022\/12\/blue-arrow.png\" class=\"attachment-large size-large\" alt=\"\" decoding=\"async\" loading=\"lazy\" srcset=\"https:\/\/fitcake.gogler.link\/wp-content\/uploads\/2022\/12\/blue-arrow.png 139w, https:\/\/fitcake.gogler.link\/wp-content\/uploads\/2022\/12\/blue-arrow-18x9.png 18w\" sizes=\"(max-width: 139px) 100vw, 139px\" \/><\/div><\/div><h2 class=\"w-text us_custom_0259209c has_text_color\"><span class=\"w-text-h\"><span class=\"w-text-value\">Monoporasjoner<\/span><\/span><\/h2><\/div><div class=\"w-separator size_medium\"><\/div><div class=\"w-grid type_grid layout_238 cols_3\" id=\"us_grid_1\" data-filterable=\"true\"><style>#us_grid_1 .w-grid-item{padding:1.5rem}#us_grid_1 .w-grid-list{margin:-1.5rem}.w-grid + #us_grid_1 .w-grid-list,.w-grid-none + #us_grid_1 .w-grid-list{margin-top:1.5rem}@media (max-width:899px){#us_grid_1 .w-grid-item{width:50%}}@media (max-width:599px){#us_grid_1 .w-grid-list{margin:0}#us_grid_1 .w-grid-item{width:100%;padding:0;margin-bottom:1.5rem}}.layout_238 .w-grid-item-h{}.layout_238 .usg_post_image_1{border-radius:14px!important;box-shadow:10px 10px 10px 0 rgba(8,8,8,0.30)!important}.layout_238 .usg_post_title_1{color:var(--color-content-heading)!important}.layout_238 .usg_post_content_1{font-size:14px!important}<\/style><div class=\"w-grid-list\">\t<article class=\"w-grid-item size_1x1 post-4369 produkty type-produkty status-publish has-post-thumbnail hentry kategorie-monoporcje czy_produkt_jest_keto-tak alergeny-bez-gorczycy alergeny-bez-ryb alergeny-bez-selera alergeny-bez-sezamu alergeny-keto\" data-id=\"4369\">\r\n\t\t<div class=\"w-grid-item-h\">\r\n\t\t\t\t\t\t<div class=\"w-vwrapper usg_vwrapper_1 align_none valign_top\" style=\"--vwrapper-gap:1.2rem\"><div class=\"w-post-elm post_image usg_post_image_1 has_ratio\"><div style=\"padding-bottom:75%\"><\/div><img width=\"800\" height=\"600\" src=\"https:\/\/fitcake.gogler.link\/wp-content\/uploads\/2026\/02\/cake_pops_waniliowe_w_bialej_czeko.jpg\" class=\"attachment-large size-large wp-post-image\" alt=\"\" decoding=\"async\" loading=\"lazy\" srcset=\"https:\/\/fitcake.gogler.link\/wp-content\/uploads\/2026\/02\/cake_pops_waniliowe_w_bialej_czeko.jpg 800w, https:\/\/fitcake.gogler.link\/wp-content\/uploads\/2026\/02\/cake_pops_waniliowe_w_bialej_czeko-300x225.jpg 300w, https:\/\/fitcake.gogler.link\/wp-content\/uploads\/2026\/02\/cake_pops_waniliowe_w_bialej_czeko-16x12.jpg 16w, https:\/\/fitcake.gogler.link\/wp-content\/uploads\/2026\/02\/cake_pops_waniliowe_w_bialej_czeko-600x450.jpg 600w\" sizes=\"(max-width: 800px) 100vw, 800px\" \/><\/div><h3 class=\"w-post-elm post_title usg_post_title_1 has_text_color align_center entry-title color_link_inherit\">KETO CAKE POPS vanilje i hvit sjokolade<\/h3><div class=\"w-post-elm post_content usg_post_content_1\"><p><strong>Del<\/strong> = 71 kcal B: 2 g W: 3 g T: 5,5 g<\/p>\n<p><strong>Ingredienser<\/strong>: Egg, hvit sjokolade (maltitol, kakaosm\u00f8r, melkepulver, emulgator: sojalecitin, naturlig vaniljearoma), kokoskrem 24%, s\u00f8tningsmiddel: erytrol, kokosmelk, mandelmel, kokosmel, eggplante, himalayasalt, kokosmel, smakstilsetning.<\/p>\n<p><strong>(keto, uten tilsatt sukker, glutenfri)<\/strong><\/p>\n<\/div><\/div>\t\t<\/div>\r\n\t<\/article>\r\n\t<article class=\"w-grid-item size_1x1 post-4363 produkty type-produkty status-publish has-post-thumbnail hentry kategorie-monoporcje czy_produkt_jest_keto-tak alergeny-bez-gorczycy alergeny-bez-laktozy alergeny-bez-mleka alergeny-bez-ryb alergeny-bez-selera alergeny-bez-sezamu alergeny-keto\" data-id=\"4363\">\r\n\t\t<div class=\"w-grid-item-h\">\r\n\t\t\t\t\t\t<div class=\"w-vwrapper usg_vwrapper_1 align_none valign_top\" style=\"--vwrapper-gap:1.2rem\"><div class=\"w-post-elm post_image usg_post_image_1 has_ratio\"><div style=\"padding-bottom:75%\"><\/div><img width=\"800\" height=\"600\" src=\"https:\/\/fitcake.gogler.link\/wp-content\/uploads\/2026\/02\/cake-pops-czekoladowe-bez-laktozy.jpg\" class=\"attachment-large size-large wp-post-image\" alt=\"\" decoding=\"async\" loading=\"lazy\" srcset=\"https:\/\/fitcake.gogler.link\/wp-content\/uploads\/2026\/02\/cake-pops-czekoladowe-bez-laktozy.jpg 800w, https:\/\/fitcake.gogler.link\/wp-content\/uploads\/2026\/02\/cake-pops-czekoladowe-bez-laktozy-300x225.jpg 300w, https:\/\/fitcake.gogler.link\/wp-content\/uploads\/2026\/02\/cake-pops-czekoladowe-bez-laktozy-16x12.jpg 16w, https:\/\/fitcake.gogler.link\/wp-content\/uploads\/2026\/02\/cake-pops-czekoladowe-bez-laktozy-600x450.jpg 600w\" sizes=\"(max-width: 800px) 100vw, 800px\" \/><\/div><h3 class=\"w-post-elm post_title usg_post_title_1 has_text_color align_center entry-title color_link_inherit\">KETO CAKE POPS i m\u00f8rk sjokolade<\/h3><div class=\"w-post-elm post_content usg_post_content_1\"><p><strong>Del<\/strong> = 105 kcal B: 4 g W: 1 g T: 8,5 g<\/p>\n<p><strong>Ingredienser<\/strong>: Egg, m\u00f8rk sjokolade (kakaomasse min. 60%, s\u00f8tningsmidler: erytritol, steviolglykosider, kakaofett, inulin, avfettet kakaopulver, emulgator: solsikkelecitin, naturlig vaniljearoma), kokosmelk (vegetabilsk produkt fra kokosn\u00f8tt 18%), s\u00f8tningsmiddel: erytrol, mandelmel, kokosmel, egg plantain, kakao, salt fra Himalaya.<\/p>\n<p><strong>(keto, uten tilsatt sukker, glutenfri, laktosefri)<\/strong><\/p>\n<\/div><\/div>\t\t<\/div>\r\n\t<\/article>\r\n\t<article class=\"w-grid-item size_1x1 post-3395 produkty type-produkty status-publish has-post-thumbnail hentry kategorie-monoporcje czy_produkt_jest_keto-tak alergeny-bez-gorczycy alergeny-bez-ryb alergeny-bez-selera alergeny-bez-sezamu alergeny-keto\" data-id=\"3395\">\r\n\t\t<div class=\"w-grid-item-h\">\r\n\t\t\t\t\t\t<div class=\"w-vwrapper usg_vwrapper_1 align_none valign_top\" style=\"--vwrapper-gap:1.2rem\"><div class=\"w-post-elm post_image usg_post_image_1 has_ratio\"><div style=\"padding-bottom:75%\"><\/div><img width=\"800\" height=\"533\" src=\"https:\/\/fitcake.gogler.link\/wp-content\/uploads\/2024\/09\/EKLER-BUENO-2-min.jpg\" class=\"attachment-large size-large wp-post-image\" alt=\"\" decoding=\"async\" loading=\"lazy\" srcset=\"https:\/\/fitcake.gogler.link\/wp-content\/uploads\/2024\/09\/EKLER-BUENO-2-min.jpg 800w, https:\/\/fitcake.gogler.link\/wp-content\/uploads\/2024\/09\/EKLER-BUENO-2-min-300x200.jpg 300w, https:\/\/fitcake.gogler.link\/wp-content\/uploads\/2024\/09\/EKLER-BUENO-2-min-600x400.jpg 600w, https:\/\/fitcake.gogler.link\/wp-content\/uploads\/2024\/09\/EKLER-BUENO-2-min-18x12.jpg 18w\" sizes=\"(max-width: 800px) 100vw, 800px\" \/><\/div><h3 class=\"w-post-elm post_title usg_post_title_1 has_text_color align_center entry-title color_link_inherit\">KETO ECLAIR BUENO<\/h3><div class=\"w-post-elm post_content usg_post_content_1\"><p><strong>(324 kcal) B: 9g W(netto): 0g T 32 g fiber:4 g<\/strong><\/p>\n<p><strong>H\u00f8neegg<\/strong>, <strong>pean\u00f8ttsm\u00f8r<\/strong>, <strong>kremfarge 30%<\/strong>...kokosmelk, <strong>mascarpone<\/strong>, resistent stivelse fra potet, bambusfiber, eggplante, <strong>malte hasseln\u00f8tter 100%<\/strong>, <strong>fit nutella FIT CAKE*<\/strong>hasseln\u00f8tter, eplecidereddik, sitronsaft, agar, himalayasalt, vanilje, xantangummi, s\u00f8tningsmidler: inulin, erytrol.<\/p>\n<p><em>*fit nutella FIT CAKE: Pean\u00f8ttkrem (75%): [<strong>pean\u00f8tter<\/strong> stekt]; s\u00f8tningsmiddel: erytritol; sheaolje, <strong>kakao<\/strong> redusert fett, <strong>kakaomasse<\/strong>aromaer, emulgator: lecitiner (fra&nbsp;<strong>soyab\u00f8nner<\/strong>)<\/em><\/p>\n<p><strong>(keto, uten tilsatt sukker, glutenfri, protein)<\/strong><\/p>\n<\/div><\/div>\t\t<\/div>\r\n\t<\/article>\r\n\t<article class=\"w-grid-item size_1x1 post-2803 produkty type-produkty status-publish has-post-thumbnail hentry kategorie-monoporcje czy_produkt_jest_keto-tak alergeny-bez-gorczycy alergeny-bez-laktozy alergeny-bez-mleka alergeny-bez-ryb alergeny-bez-selera alergeny-bez-sezamu alergeny-keto\" data-id=\"2803\">\r\n\t\t<div class=\"w-grid-item-h\">\r\n\t\t\t\t\t\t<div class=\"w-vwrapper usg_vwrapper_1 align_none valign_top\" style=\"--vwrapper-gap:1.2rem\"><div class=\"w-post-elm post_image usg_post_image_1 has_ratio\"><div style=\"padding-bottom:75%\"><\/div><img width=\"1024\" height=\"683\" src=\"https:\/\/fitcake.gogler.link\/wp-content\/uploads\/2023\/12\/rogal-z-mleczna-czekolada-1-1024x683.jpg\" class=\"attachment-large size-large wp-post-image\" alt=\"croissant med melkesjokolade\" decoding=\"async\" loading=\"lazy\" srcset=\"https:\/\/fitcake.gogler.link\/wp-content\/uploads\/2023\/12\/rogal-z-mleczna-czekolada-1-1024x683.jpg 1024w, https:\/\/fitcake.gogler.link\/wp-content\/uploads\/2023\/12\/rogal-z-mleczna-czekolada-1-300x200.jpg 300w, https:\/\/fitcake.gogler.link\/wp-content\/uploads\/2023\/12\/rogal-z-mleczna-czekolada-1-600x400.jpg 600w, https:\/\/fitcake.gogler.link\/wp-content\/uploads\/2023\/12\/rogal-z-mleczna-czekolada-1-18x12.jpg 18w, https:\/\/fitcake.gogler.link\/wp-content\/uploads\/2023\/12\/rogal-z-mleczna-czekolada-1-800x533.jpg 800w, https:\/\/fitcake.gogler.link\/wp-content\/uploads\/2023\/12\/rogal-z-mleczna-czekolada-1.jpg 1920w\" sizes=\"(max-width: 1024px) 100vw, 1024px\" \/><\/div><h3 class=\"w-post-elm post_title usg_post_title_1 has_text_color align_center entry-title color_link_inherit\">CROISSANT MED MELKESJOKOLADE<\/h3><div class=\"w-post-elm post_content usg_post_content_1\"><p><strong>Del<\/strong> = 392 kcal; B: 18 g W (netto): 6 g T 30 g<\/p>\n<p>H\u00f8neegg, pean\u00f8ttsm\u00f8r, kokosmelk, bambusfiber, xantangummi, vanilje, himalayasalt, fit cream choco nut vegan smooth*, s\u00f8tningsmiddel: erythrol.<\/p>\n<p>*fit cream choco nut vegan smooth: pean\u00f8ttkrem (75%) (ristede pean\u00f8tter). s\u00f8tningsmiddel: erytritol, sheaolje, fettredusert kakao, kakaomasse, aromaer, emulgator: lecitiner (fra soya).<\/p>\n<p><strong>(keto, uten tilsatt sukker, glutenfri, laktosefri, proteinfri)<\/strong><\/p>\n<\/div><\/div>\t\t<\/div>\r\n\t<\/article>\r\n\t<article class=\"w-grid-item size_1x1 post-2540 produkty type-produkty status-publish has-post-thumbnail hentry kategorie-monoporcje czy_produkt_jest_keto-tak alergeny-bez-gorczycy alergeny-bez-kakao alergeny-bez-ryb alergeny-bez-selera alergeny-bez-sezamu alergeny-bez-soi alergeny-keto\" data-id=\"2540\">\r\n\t\t<div class=\"w-grid-item-h\">\r\n\t\t\t\t\t\t<div class=\"w-vwrapper usg_vwrapper_1 align_none valign_top\" style=\"--vwrapper-gap:1.2rem\"><div class=\"w-post-elm post_image usg_post_image_1 has_ratio\"><div style=\"padding-bottom:75%\"><\/div><img width=\"800\" height=\"533\" src=\"https:\/\/fitcake.gogler.link\/wp-content\/uploads\/2023\/09\/Paczek-z-mascarpone.jpg\" class=\"attachment-large size-large wp-post-image\" alt=\"\" decoding=\"async\" loading=\"lazy\" srcset=\"https:\/\/fitcake.gogler.link\/wp-content\/uploads\/2023\/09\/Paczek-z-mascarpone.jpg 800w, https:\/\/fitcake.gogler.link\/wp-content\/uploads\/2023\/09\/Paczek-z-mascarpone-300x200.jpg 300w, https:\/\/fitcake.gogler.link\/wp-content\/uploads\/2023\/09\/Paczek-z-mascarpone-600x400.jpg 600w, https:\/\/fitcake.gogler.link\/wp-content\/uploads\/2023\/09\/Paczek-z-mascarpone-18x12.jpg 18w\" sizes=\"(max-width: 800px) 100vw, 800px\" \/><\/div><h3 class=\"w-post-elm post_title usg_post_title_1 has_text_color align_center entry-title color_link_inherit\">MASCARPONE-SMULTRINGER<\/h3><div class=\"w-post-elm post_content usg_post_content_1\"><p><span style=\"font-family: Times New Roman, serif;\"><span style=\"font-size: medium;\"><strong>(325 kcal)<\/strong> B: 12 g W(netto): 4g T: 29g Fiber:4g <\/span><\/span><\/p>\n<p><span style=\"font-family: Times New Roman, serif;\"><span style=\"font-size: medium;\"><b>H\u00f8neegg, pean\u00f8ttsm\u00f8r<\/b>, kokosmelk, bambusfiber, <b>fl\u00f8te 30%, mascarpone<\/b>gj\u00e6r, vanilje, himalayasalt, s\u00f8tningsmiddel: inulin, erytrol.<\/span><\/span><\/p>\n<p><span style=\"font-family: Times New Roman, serif;\"><span style=\"font-size: medium;\">(keto, uten tilsatt sukker, glutenfri, protein)<\/span><\/span><\/p>\n<\/div><\/div>\t\t<\/div>\r\n\t<\/article>\r\n\t<article class=\"w-grid-item size_1x1 post-1623 produkty type-produkty status-publish has-post-thumbnail hentry kategorie-monoporcje czy_produkt_jest_keto-tak alergeny-bez-gorczycy alergeny-bez-kakao alergeny-bez-laktozy alergeny-bez-mleka alergeny-bez-orzechow alergeny-bez-ryb alergeny-bez-selera alergeny-bez-sezamu alergeny-bez-soi alergeny-keto\" data-id=\"1623\">\r\n\t\t<div class=\"w-grid-item-h\">\r\n\t\t\t\t\t\t<div class=\"w-vwrapper usg_vwrapper_1 align_none valign_top\" style=\"--vwrapper-gap:1.2rem\"><div class=\"w-post-elm post_image usg_post_image_1 has_ratio\"><div style=\"padding-bottom:75%\"><\/div><img width=\"1024\" height=\"682\" src=\"https:\/\/fitcake.gogler.link\/wp-content\/uploads\/2023\/03\/minipavlova_z_mango_curd-2022-07-25-11-18-47-5-1024x682.jpg\" class=\"attachment-large size-large wp-post-image\" alt=\"\" decoding=\"async\" loading=\"lazy\" srcset=\"https:\/\/fitcake.gogler.link\/wp-content\/uploads\/2023\/03\/minipavlova_z_mango_curd-2022-07-25-11-18-47-5-1024x682.jpg 1024w, https:\/\/fitcake.gogler.link\/wp-content\/uploads\/2023\/03\/minipavlova_z_mango_curd-2022-07-25-11-18-47-5-300x200.jpg 300w, https:\/\/fitcake.gogler.link\/wp-content\/uploads\/2023\/03\/minipavlova_z_mango_curd-2022-07-25-11-18-47-5-600x400.jpg 600w, https:\/\/fitcake.gogler.link\/wp-content\/uploads\/2023\/03\/minipavlova_z_mango_curd-2022-07-25-11-18-47-5-18x12.jpg 18w, https:\/\/fitcake.gogler.link\/wp-content\/uploads\/2023\/03\/minipavlova_z_mango_curd-2022-07-25-11-18-47-5-800x533.jpg 800w, https:\/\/fitcake.gogler.link\/wp-content\/uploads\/2023\/03\/minipavlova_z_mango_curd-2022-07-25-11-18-47-5.jpg 1920w\" sizes=\"(max-width: 1024px) 100vw, 1024px\" \/><\/div><h3 class=\"w-post-elm post_title usg_post_title_1 has_text_color align_center entry-title color_link_inherit\">MINI PAVLOVA MED MANGO CURD<\/h3><div class=\"w-post-elm post_content usg_post_content_1\"><p><strong>Del<\/strong> = 90 kcal; B: 5 g W: 4 g T: 6 g<\/p>\n<p>H\u00f8neegg, kokosmelk, mango, rismelk, sesongens frukt, sitronsaft, s\u00f8tningsmiddel erythrol<\/p>\n<p><strong>(keto, uten tilsatt sukker, glutenfri, laktosefri, n\u00f8ttefri)<\/strong><\/p>\n<\/div><\/div>\t\t<\/div>\r\n\t<\/article>\r\n<\/div><div class=\"w-grid-preloader\"><div class=\"g-preloader type_1\">\r\n\t<div><\/div>\r\n<\/div>\r\n<\/div>\t<div class=\"w-grid-json hidden\" onclick='return {&quot;action&quot;:&quot;us_ajax_grid&quot;,&quot;ajax_url&quot;:&quot;https:\\\/\\\/fitcake.gogler.link\\\/wp-admin\\\/admin-ajax.php&quot;,&quot;infinite_scroll&quot;:0,&quot;max_num_pages&quot;:1,&quot;pagination&quot;:&quot;none&quot;,&quot;permalink_url&quot;:&quot;https:\\\/\\\/fitcake.gogler.link\\\/no\\\/wp-json\\\/wp\\\/v2\\\/pages\\\/2053&quot;,&quot;template_vars&quot;:{&quot;columns&quot;:&quot;3&quot;,&quot;exclude_items&quot;:&quot;none&quot;,&quot;img_size&quot;:&quot;default&quot;,&quot;ignore_items_size&quot;:0,&quot;items_layout&quot;:&quot;238&quot;,&quot;items_offset&quot;:&quot;1&quot;,&quot;load_animation&quot;:&quot;none&quot;,&quot;overriding_link&quot;:&quot;none&quot;,&quot;post_id&quot;:2053,&quot;query_args&quot;:{&quot;post_type&quot;:[&quot;produkty&quot;],&quot;tax_query&quot;:[{&quot;taxonomy&quot;:&quot;kategorie&quot;,&quot;field&quot;:&quot;slug&quot;,&quot;terms&quot;:[&quot;keto-cake&quot;,&quot;monoporcje&quot;]},{&quot;taxonomy&quot;:&quot;czy_produkt_jest_keto&quot;,&quot;field&quot;:&quot;slug&quot;,&quot;terms&quot;:[&quot;tak&quot;]}],&quot;post_status&quot;:[&quot;publish&quot;,&quot;acf-disabled&quot;],&quot;posts_per_page&quot;:999},&quot;orderby_query_args&quot;:{&quot;orderby&quot;:{&quot;date&quot;:&quot;DESC&quot;}},&quot;type&quot;:&quot;grid&quot;,&quot;us_grid_ajax_index&quot;:1,&quot;us_grid_filter_params&quot;:null,&quot;us_grid_index&quot;:1,&quot;_us_grid_post_type&quot;:&quot;produkty&quot;}}'><\/div>\r\n\t<\/div><\/div><\/div><\/div><\/div><\/div><\/section>","protected":false},"excerpt":{"rendered":"Porcja = 90 kcal; B: 5g W: 4g T: 6g Jaja kurze, mleczko kokosowe, mango, mleko ry\u017cowe, owoce sezonowe, sok z cytryny, substancja s\u0142odz\u0105ca erytrol (keto, bez dodatku cukru, bez glutenu, bez laktozy, bez orzech\u00f3w)","protected":false},"author":1,"featured_media":4036,"parent":1710,"menu_order":0,"comment_status":"closed","ping_status":"closed","template":"","meta":[],"acf":[],"_links":{"self":[{"href":"https:\/\/fitcake.gogler.link\/no\/wp-json\/wp\/v2\/pages\/2053"}],"collection":[{"href":"https:\/\/fitcake.gogler.link\/no\/wp-json\/wp\/v2\/pages"}],"about":[{"href":"https:\/\/fitcake.gogler.link\/no\/wp-json\/wp\/v2\/types\/page"}],"author":[{"embeddable":true,"href":"https:\/\/fitcake.gogler.link\/no\/wp-json\/wp\/v2\/users\/1"}],"replies":[{"embeddable":true,"href":"https:\/\/fitcake.gogler.link\/no\/wp-json\/wp\/v2\/comments?post=2053"}],"version-history":[{"count":0,"href":"https:\/\/fitcake.gogler.link\/no\/wp-json\/wp\/v2\/pages\/2053\/revisions"}],"up":[{"embeddable":true,"href":"https:\/\/fitcake.gogler.link\/no\/wp-json\/wp\/v2\/pages\/1710"}],"wp:featuredmedia":[{"embeddable":true,"href":"https:\/\/fitcake.gogler.link\/no\/wp-json\/wp\/v2\/media\/4036"}],"wp:attachment":[{"href":"https:\/\/fitcake.gogler.link\/no\/wp-json\/wp\/v2\/media?parent=2053"}],"curies":[{"name":"wp","href":"https:\/\/api.w.org\/{rel}","templated":true}]}}