{"id":2044,"date":"2023-04-13T11:28:43","date_gmt":"2023-04-13T09:28:43","guid":{"rendered":"https:\/\/fitcake.gogler.link\/?page_id=2044"},"modified":"2026-03-19T11:56:08","modified_gmt":"2026-03-19T10:56:08","slug":"kaker","status":"publish","type":"page","link":"https:\/\/fitcake.gogler.link\/no\/keto-kake-tilbud\/kaker\/","title":{"rendered":"Kaker"},"content":{"rendered":"<section class=\"l-section wpb_row us_custom_0b0a76a2 height_medium\" id=\"left-shape-section\"><div class=\"l-section-h i-cf\"><div class=\"g-cols vc_row via_flex valign_top type_default stacking_default\"><div class=\"vc_col-sm-12 wpb_column vc_column_container\"><div class=\"vc_column-inner\"><div class=\"wpb_wrapper\"><div class=\"w-hwrapper us_custom_b51c0c2f align_center valign_top\" style=\"--hwrapper-gap:1.5rem\"><div class=\"w-image align_none\"><div class=\"w-image-h\"><img width=\"139\" height=\"66\" src=\"https:\/\/fitcake.gogler.link\/wp-content\/uploads\/2022\/12\/blue-arrow.png\" class=\"attachment-large size-large\" alt=\"\" decoding=\"async\" loading=\"lazy\" srcset=\"https:\/\/fitcake.gogler.link\/wp-content\/uploads\/2022\/12\/blue-arrow.png 139w, https:\/\/fitcake.gogler.link\/wp-content\/uploads\/2022\/12\/blue-arrow-18x9.png 18w\" sizes=\"(max-width: 139px) 100vw, 139px\" \/><\/div><\/div><h2 class=\"w-text us_custom_0259209c has_text_color\"><span class=\"w-text-h\"><span class=\"w-text-value\">Kaker<\/span><\/span><\/h2><\/div><div class=\"w-separator size_medium\"><\/div><div class=\"w-grid type_grid layout_238 cols_3\" id=\"us_grid_1\" data-filterable=\"true\"><style>#us_grid_1 .w-grid-item{padding:1.5rem}#us_grid_1 .w-grid-list{margin:-1.5rem -1.5rem 1.5rem}.w-grid + #us_grid_1 .w-grid-list,.w-grid-none + #us_grid_1 .w-grid-list{margin-top:1.5rem}@media (max-width:899px){#us_grid_1 .w-grid-item{width:50%}}@media (max-width:599px){#us_grid_1 .w-grid-list{margin:0}#us_grid_1 .w-grid-item{width:100%;padding:0;margin-bottom:1.5rem}}.layout_238 .w-grid-item-h{}.layout_238 .usg_post_image_1{border-radius:14px!important;box-shadow:10px 10px 10px 0 rgba(8,8,8,0.30)!important}.layout_238 .usg_post_title_1{color:var(--color-content-heading)!important}.layout_238 .usg_post_content_1{font-size:14px!important}<\/style><div class=\"w-grid-list\">\t<article class=\"w-grid-item size_1x1 post-2501 produkty type-produkty status-publish has-post-thumbnail hentry kategorie-ciasta czy_produkt_jest_keto-tak alergeny-bez-gorczycy alergeny-bez-laktozy alergeny-bez-mleka alergeny-bez-ryb alergeny-bez-selera alergeny-bez-sezamu alergeny-bez-soi alergeny-keto\" data-id=\"2501\">\r\n\t\t<div class=\"w-grid-item-h\">\r\n\t\t\t\t\t\t<div class=\"w-vwrapper usg_vwrapper_1 align_none valign_top\" style=\"--vwrapper-gap:1.2rem\"><div class=\"w-post-elm post_image usg_post_image_1 has_ratio\"><div style=\"padding-bottom:75%\"><\/div><img width=\"600\" height=\"400\" src=\"https:\/\/fitcake.gogler.link\/wp-content\/uploads\/2023\/07\/Keto-Brownies.jpg\" class=\"attachment-large size-large wp-post-image\" alt=\"\" decoding=\"async\" loading=\"lazy\" srcset=\"https:\/\/fitcake.gogler.link\/wp-content\/uploads\/2023\/07\/Keto-Brownies.jpg 600w, https:\/\/fitcake.gogler.link\/wp-content\/uploads\/2023\/07\/Keto-Brownies-300x200.jpg 300w, https:\/\/fitcake.gogler.link\/wp-content\/uploads\/2023\/07\/Keto-Brownies-18x12.jpg 18w\" sizes=\"(max-width: 600px) 100vw, 600px\" \/><\/div><h3 class=\"w-post-elm post_title usg_post_title_1 has_text_color align_center entry-title color_link_inherit\">KETO BROWNIE<\/h3><div class=\"w-post-elm post_content usg_post_content_1\"><p>183(kcal) B: 7,6g W(netto): 5g T: 15,6g<\/p>\n<p><strong>H\u00f8neegg<\/strong>, kokosmasse, <strong>avfettet kakao<\/strong>, kokosmel,<strong> mandelmel<\/strong>kokosolje, vanilje, natron, riseddik, himalayasalt, s\u00f8tningsmiddel: erythrol<\/p>\n<p><strong>(keto, uten tilsatt sukker, glutenfri, laktosefri)<\/strong><\/p>\n<\/div><\/div>\t\t<\/div>\r\n\t<\/article>\r\n\t<article class=\"w-grid-item size_1x1 post-1591 produkty type-produkty status-publish has-post-thumbnail hentry kategorie-ciasta czy_produkt_jest_keto-tak alergeny-bez-gorczycy alergeny-bez-kakao alergeny-bez-orzechow alergeny-bez-ryb alergeny-bez-selera alergeny-bez-sezamu alergeny-bez-soi alergeny-keto\" data-id=\"1591\">\r\n\t\t<div class=\"w-grid-item-h\">\r\n\t\t\t\t\t\t<div class=\"w-vwrapper usg_vwrapper_1 align_none valign_top\" style=\"--vwrapper-gap:1.2rem\"><div class=\"w-post-elm post_image usg_post_image_1 has_ratio\"><div style=\"padding-bottom:75%\"><\/div><img width=\"1024\" height=\"682\" src=\"https:\/\/fitcake.gogler.link\/wp-content\/uploads\/2023\/03\/Sernik-baskijski-2022-06-30-14-48-52-15-1024x682.jpg\" class=\"attachment-large size-large wp-post-image\" alt=\"\" decoding=\"async\" loading=\"lazy\" srcset=\"https:\/\/fitcake.gogler.link\/wp-content\/uploads\/2023\/03\/Sernik-baskijski-2022-06-30-14-48-52-15-1024x682.jpg 1024w, https:\/\/fitcake.gogler.link\/wp-content\/uploads\/2023\/03\/Sernik-baskijski-2022-06-30-14-48-52-15-300x200.jpg 300w, https:\/\/fitcake.gogler.link\/wp-content\/uploads\/2023\/03\/Sernik-baskijski-2022-06-30-14-48-52-15-600x400.jpg 600w, https:\/\/fitcake.gogler.link\/wp-content\/uploads\/2023\/03\/Sernik-baskijski-2022-06-30-14-48-52-15-18x12.jpg 18w, https:\/\/fitcake.gogler.link\/wp-content\/uploads\/2023\/03\/Sernik-baskijski-2022-06-30-14-48-52-15-800x533.jpg 800w, https:\/\/fitcake.gogler.link\/wp-content\/uploads\/2023\/03\/Sernik-baskijski-2022-06-30-14-48-52-15.jpg 1920w\" sizes=\"(max-width: 1024px) 100vw, 1024px\" \/><\/div><h3 class=\"w-post-elm post_title usg_post_title_1 has_text_color align_center entry-title color_link_inherit\">BASKISK OSTEKAKE<\/h3><div class=\"w-post-elm post_content usg_post_content_1\"><p><strong>Del<\/strong> = 490 kcal; B: 11 g W: 5 g T: 47g<\/p>\n<p>Cream 30%, mascarpone, h\u00f8nseegg, vanilje, himalayasalt, kremost, s\u00f8tningsmiddel: erythrol<\/p>\n<p><strong>(keto, uten tilsatt sukker, glutenfri, n\u00f8ttefri)<\/strong><\/p>\n<\/div><\/div>\t\t<\/div>\r\n\t<\/article>\r\n\t<article class=\"w-grid-item size_1x1 post-1455 produkty type-produkty status-publish has-post-thumbnail hentry kategorie-ciasta czy_produkt_jest_keto-tak\" data-id=\"1455\">\r\n\t\t<div class=\"w-grid-item-h\">\r\n\t\t\t\t\t\t<div class=\"w-vwrapper usg_vwrapper_1 align_none valign_top\" style=\"--vwrapper-gap:1.2rem\"><div class=\"w-post-elm post_image usg_post_image_1 has_ratio\"><div style=\"padding-bottom:75%\"><\/div><img width=\"1024\" height=\"683\" src=\"https:\/\/fitcake.gogler.link\/wp-content\/uploads\/2023\/03\/Torcik-Oreo-2021-09-08-13-38-54-34-1024x683.jpg\" class=\"attachment-large size-large wp-post-image\" alt=\"\" decoding=\"async\" loading=\"lazy\" srcset=\"https:\/\/fitcake.gogler.link\/wp-content\/uploads\/2023\/03\/Torcik-Oreo-2021-09-08-13-38-54-34-1024x683.jpg 1024w, https:\/\/fitcake.gogler.link\/wp-content\/uploads\/2023\/03\/Torcik-Oreo-2021-09-08-13-38-54-34-300x200.jpg 300w, https:\/\/fitcake.gogler.link\/wp-content\/uploads\/2023\/03\/Torcik-Oreo-2021-09-08-13-38-54-34-600x400.jpg 600w, https:\/\/fitcake.gogler.link\/wp-content\/uploads\/2023\/03\/Torcik-Oreo-2021-09-08-13-38-54-34-18x12.jpg 18w, https:\/\/fitcake.gogler.link\/wp-content\/uploads\/2023\/03\/Torcik-Oreo-2021-09-08-13-38-54-34-800x533.jpg 800w, https:\/\/fitcake.gogler.link\/wp-content\/uploads\/2023\/03\/Torcik-Oreo-2021-09-08-13-38-54-34.jpg 1920w\" sizes=\"(max-width: 1024px) 100vw, 1024px\" \/><\/div><h3 class=\"w-post-elm post_title usg_post_title_1 has_text_color align_center entry-title color_link_inherit\">A'LA OREO-KAKE (KETO)<\/h3><div class=\"w-post-elm post_content usg_post_content_1\"><p><strong>Del<\/strong> = 345 kcal; B: 7 g W: 5 g T: 33g<\/p>\n<p><strong>Ingredienser<\/strong>: <strong>Krem<\/strong>, <strong>egg<\/strong>, <strong>mascarpone<\/strong>s\u00f8tningsmiddel: erytrol, kokosmelk, kakao, kokosmel, <strong>mandelmel<\/strong>, egg plantain, svart kakao, kokosolje, vann, himalayasalt, bakepulver, xantangummi.<\/p>\n<p><strong>(keto, uten tilsatt sukker, glutenfri)<\/strong><\/p>\n<\/div><\/div>\t\t<\/div>\r\n\t<\/article>\r\n\t<article class=\"w-grid-item size_1x1 post-1438 produkty type-produkty status-publish has-post-thumbnail hentry kategorie-ciasta czy_produkt_jest_keto-tak alergeny-bez-gorczycy alergeny-bez-ryb alergeny-bez-selera alergeny-bez-sezamu alergeny-keto\" data-id=\"1438\">\r\n\t\t<div class=\"w-grid-item-h\">\r\n\t\t\t\t\t\t<div class=\"w-vwrapper usg_vwrapper_1 align_none valign_top\" style=\"--vwrapper-gap:1.2rem\"><div class=\"w-post-elm post_image usg_post_image_1 has_ratio\"><div style=\"padding-bottom:75%\"><\/div><img width=\"1024\" height=\"683\" src=\"https:\/\/fitcake.gogler.link\/wp-content\/uploads\/2023\/03\/Sernik-Rocher-2021-09-07-21-36-52-5-1024x683.jpg\" class=\"attachment-large size-large wp-post-image\" alt=\"\" decoding=\"async\" loading=\"lazy\" srcset=\"https:\/\/fitcake.gogler.link\/wp-content\/uploads\/2023\/03\/Sernik-Rocher-2021-09-07-21-36-52-5-1024x683.jpg 1024w, https:\/\/fitcake.gogler.link\/wp-content\/uploads\/2023\/03\/Sernik-Rocher-2021-09-07-21-36-52-5-300x200.jpg 300w, https:\/\/fitcake.gogler.link\/wp-content\/uploads\/2023\/03\/Sernik-Rocher-2021-09-07-21-36-52-5-600x400.jpg 600w, https:\/\/fitcake.gogler.link\/wp-content\/uploads\/2023\/03\/Sernik-Rocher-2021-09-07-21-36-52-5-18x12.jpg 18w, https:\/\/fitcake.gogler.link\/wp-content\/uploads\/2023\/03\/Sernik-Rocher-2021-09-07-21-36-52-5-800x533.jpg 800w, https:\/\/fitcake.gogler.link\/wp-content\/uploads\/2023\/03\/Sernik-Rocher-2021-09-07-21-36-52-5.jpg 1920w\" sizes=\"(max-width: 1024px) 100vw, 1024px\" \/><\/div><h3 class=\"w-post-elm post_title usg_post_title_1 has_text_color align_center entry-title color_link_inherit\">ROCHER OSTEKAKE (KETO)<\/h3><div class=\"w-post-elm post_content usg_post_content_1\"><p><strong>Del<\/strong> = 391 kcal; B: 10 g W: 9 g T: 35g<\/p>\n<p>Cream 30%, kremost, mascarpone, h\u00f8nseegg, eggedosis, mandelmelk, mandelmelk, kokosmelk, kokosmel, pean\u00f8tter, hasseln\u00f8tter, m\u00f8rk sjokolade*, kakao, johannesbr\u00f8d, kokosolje, himalayasalt, erythrol<\/p>\n<p>*Kakaomasse, maltitol, kakaofett, emulgator: sojalecitin, naturlig vaniljearoma<\/p>\n<p><strong>(keto, uten tilsatt sukker, glutenfri)<\/strong><\/p>\n<\/div><\/div>\t\t<\/div>\r\n\t<\/article>\r\n<\/div><div class=\"w-grid-preloader\"><div class=\"g-preloader type_1\">\r\n\t<div><\/div>\r\n<\/div>\r\n<\/div>\t<div class=\"w-grid-json hidden\" onclick='return {&quot;action&quot;:&quot;us_ajax_grid&quot;,&quot;ajax_url&quot;:&quot;https:\\\/\\\/fitcake.gogler.link\\\/wp-admin\\\/admin-ajax.php&quot;,&quot;infinite_scroll&quot;:0,&quot;max_num_pages&quot;:1,&quot;pagination&quot;:&quot;infinite&quot;,&quot;permalink_url&quot;:&quot;https:\\\/\\\/fitcake.gogler.link\\\/no\\\/wp-json\\\/wp\\\/v2\\\/pages\\\/2044&quot;,&quot;template_vars&quot;:{&quot;columns&quot;:&quot;3&quot;,&quot;exclude_items&quot;:&quot;none&quot;,&quot;img_size&quot;:&quot;default&quot;,&quot;ignore_items_size&quot;:0,&quot;items_layout&quot;:&quot;238&quot;,&quot;items_offset&quot;:&quot;1&quot;,&quot;load_animation&quot;:&quot;none&quot;,&quot;overriding_link&quot;:&quot;none&quot;,&quot;post_id&quot;:2044,&quot;query_args&quot;:{&quot;post_type&quot;:[&quot;produkty&quot;],&quot;tax_query&quot;:[{&quot;taxonomy&quot;:&quot;kategorie&quot;,&quot;field&quot;:&quot;slug&quot;,&quot;terms&quot;:[&quot;ciasta&quot;,&quot;ciasta-paczki-wypieki&quot;]},{&quot;taxonomy&quot;:&quot;czy_produkt_jest_keto&quot;,&quot;field&quot;:&quot;slug&quot;,&quot;terms&quot;:[&quot;tak&quot;]}],&quot;post_status&quot;:[&quot;publish&quot;,&quot;acf-disabled&quot;],&quot;posts_per_page&quot;:999},&quot;orderby_query_args&quot;:{&quot;orderby&quot;:{&quot;date&quot;:&quot;DESC&quot;}},&quot;type&quot;:&quot;grid&quot;,&quot;us_grid_ajax_index&quot;:1,&quot;us_grid_filter_params&quot;:null,&quot;us_grid_index&quot;:1,&quot;_us_grid_post_type&quot;:&quot;produkty&quot;}}'><\/div>\r\n\t<\/div><\/div><\/div><\/div><\/div><\/div><\/section>","protected":false},"excerpt":{"rendered":"Porcja = 391 kcal; B: 10g W: 9g T: 35g \u015amietanka 30%, serek twarogowy, mascarpone, jaja kurze, babka jajowata, m\u0105ka migda\u0142owa, mleko migda\u0142owe, mleczko kokosowe, m\u0105ka kokosowa, orzechy arachidowe, orzechy laskowe, gorzka czekolada*, kakao, karob, olej kokosowy, s\u00f3l himalajska, erytrol *miazga kakaowa, maltitol, t\u0142uszcz kakaowy, emulgator: lecytyna sojowa, naturalny aromat waniliowy (keto, bez dodatku cukru,...","protected":false},"author":1,"featured_media":4032,"parent":1710,"menu_order":0,"comment_status":"closed","ping_status":"closed","template":"","meta":[],"acf":[],"_links":{"self":[{"href":"https:\/\/fitcake.gogler.link\/no\/wp-json\/wp\/v2\/pages\/2044"}],"collection":[{"href":"https:\/\/fitcake.gogler.link\/no\/wp-json\/wp\/v2\/pages"}],"about":[{"href":"https:\/\/fitcake.gogler.link\/no\/wp-json\/wp\/v2\/types\/page"}],"author":[{"embeddable":true,"href":"https:\/\/fitcake.gogler.link\/no\/wp-json\/wp\/v2\/users\/1"}],"replies":[{"embeddable":true,"href":"https:\/\/fitcake.gogler.link\/no\/wp-json\/wp\/v2\/comments?post=2044"}],"version-history":[{"count":0,"href":"https:\/\/fitcake.gogler.link\/no\/wp-json\/wp\/v2\/pages\/2044\/revisions"}],"up":[{"embeddable":true,"href":"https:\/\/fitcake.gogler.link\/no\/wp-json\/wp\/v2\/pages\/1710"}],"wp:featuredmedia":[{"embeddable":true,"href":"https:\/\/fitcake.gogler.link\/no\/wp-json\/wp\/v2\/media\/4032"}],"wp:attachment":[{"href":"https:\/\/fitcake.gogler.link\/no\/wp-json\/wp\/v2\/media?parent=2044"}],"curies":[{"name":"wp","href":"https:\/\/api.w.org\/{rel}","templated":true}]}}