{"id":2,"date":"2021-10-14T13:05:18","date_gmt":"2021-10-14T11:05:18","guid":{"rendered":"https:\/\/fitcake.gogler.link\/?page_id=2"},"modified":"2026-03-25T16:13:06","modified_gmt":"2026-03-25T15:13:06","slug":"strona-glowna","status":"publish","type":"page","link":"https:\/\/fitcake.gogler.link\/no\/","title":{"rendered":"Hjemmeside"},"content":{"rendered":"<section class=\"l-section wpb_row height_medium\"><div class=\"l-section-h i-cf\"><div class=\"g-cols vc_row via_flex valign_top type_default stacking_default\"><div class=\"vc_col-sm-12 wpb_column vc_column_container\"><div class=\"vc_column-inner\"><div class=\"wpb_wrapper\"><div class=\"w-separator size_small\"><\/div><\/div><\/div><\/div><\/div><\/div><\/section><section class=\"l-section wpb_row us_custom_05e4a3e3 has_text_color height_auto\"><div class=\"l-section-h i-cf\"><div class=\"g-cols vc_row via_flex valign_middle type_default stacking_default\"><div class=\"vc_col-sm-12 vc_col-md-6 wpb_column vc_column_container column-inner-left-0 column-inner-right-0 o-mnie-left-col stretched\"><div class=\"vc_column-inner\"><div class=\"wpb_wrapper\"><div class=\"w-image align_none\"><div class=\"w-image-h\"><img width=\"800\" height=\"600\" src=\"https:\/\/fitcake.gogler.link\/wp-content\/uploads\/2026\/03\/product-fitcake-800x600.jpg\" class=\"attachment-us_800_800 size-us_800_800\" alt=\"\" decoding=\"async\" loading=\"lazy\" srcset=\"https:\/\/fitcake.gogler.link\/wp-content\/uploads\/2026\/03\/product-fitcake-800x600.jpg 800w, https:\/\/fitcake.gogler.link\/wp-content\/uploads\/2026\/03\/product-fitcake-300x225.jpg 300w, https:\/\/fitcake.gogler.link\/wp-content\/uploads\/2026\/03\/product-fitcake-1024x768.jpg 1024w, https:\/\/fitcake.gogler.link\/wp-content\/uploads\/2026\/03\/product-fitcake-16x12.jpg 16w, https:\/\/fitcake.gogler.link\/wp-content\/uploads\/2026\/03\/product-fitcake.jpg 1200w\" sizes=\"(max-width: 800px) 100vw, 800px\" \/><\/div><\/div><\/div><\/div><\/div><div class=\"vc_col-sm-12 vc_col-md-6 wpb_column vc_column_container\"><div class=\"vc_column-inner us_custom_e75cc0c9\"><div class=\"wpb_wrapper\"><div class=\"w-hwrapper us_custom_2dbf7b3f align_none valign_top\" style=\"--hwrapper-gap:1.6rem\"><div class=\"w-image align_none\"><div class=\"w-image-h\"><img width=\"139\" height=\"66\" src=\"https:\/\/fitcake.gogler.link\/wp-content\/uploads\/2022\/12\/white-arrow.png\" class=\"attachment-large size-large\" alt=\"\" decoding=\"async\" loading=\"lazy\" srcset=\"https:\/\/fitcake.gogler.link\/wp-content\/uploads\/2022\/12\/white-arrow.png 139w, https:\/\/fitcake.gogler.link\/wp-content\/uploads\/2022\/12\/white-arrow-18x9.png 18w\" sizes=\"(max-width: 139px) 100vw, 139px\" \/><\/div><\/div><h2 class=\"w-text\"><span class=\"w-text-h\"><span class=\"w-text-value\">Om oss:<\/span><\/span><\/h2><\/div><div class=\"wpb_text_column us_custom_432d3f53\"><div class=\"wpb_wrapper\"><p>Fit Cake er den eneste \"ikke-kakebutikken\" i Polen. Som de f\u00f8rste i landet har vi skapt et sted med et tilbud av kaker og bakverk uten sukker, gluten og laktose, samt med mange veganske forslag. Kort sagt, v\u00e5re desserter kan du spise uten d\u00e5rlig samvittighet og uten \u00e5 g\u00e5 opp i vekt!<\/p>\n<p>Spesielt for deg inkluderer vi n\u00e6ringsinformasjon med hver kake\/kake\/bar, der du kan finne sammensetningen, kalori- og makron\u00e6ringsstofffordelingen.<\/p>\n<p>V\u00e5re s\u00f8tsaker er ikke bare sunne, de er ogs\u00e5 velsmakende og sl\u00e5r definitivt sine usunne \"forfedre\", som vi en gang for alle sier et klart \"NEI\" til.<\/p>\n<p>IKKE NOE SUKKER, IKKE NOE PROBLEM.<\/p>\n<\/div><\/div><\/div><\/div><\/div><\/div><\/div><\/section><section class=\"l-section wpb_row height_medium\"><div class=\"l-section-h i-cf\"><div class=\"g-cols vc_row via_flex valign_top type_default stacking_default\"><div class=\"vc_col-sm-3 vc_col-xs-6 wpb_column vc_column_container\"><div class=\"vc_column-inner\"><div class=\"wpb_wrapper\"><div class=\"w-vwrapper us_custom_bf374651 align_center valign_top\" style=\"--vwrapper-gap:1.3rem\"><div class=\"w-image align_none\"><div class=\"w-image-h\"><img width=\"550\" height=\"550\" src=\"https:\/\/fitcake.gogler.link\/wp-content\/uploads\/2023\/04\/bez-cukru.png\" class=\"attachment-large size-large\" alt=\"\" decoding=\"async\" loading=\"lazy\" srcset=\"https:\/\/fitcake.gogler.link\/wp-content\/uploads\/2023\/04\/bez-cukru.png 550w, https:\/\/fitcake.gogler.link\/wp-content\/uploads\/2023\/04\/bez-cukru-300x300.png 300w, https:\/\/fitcake.gogler.link\/wp-content\/uploads\/2023\/04\/bez-cukru-150x150.png 150w, https:\/\/fitcake.gogler.link\/wp-content\/uploads\/2023\/04\/bez-cukru-12x12.png 12w\" sizes=\"(max-width: 550px) 100vw, 550px\" \/><\/div><\/div><div class=\"w-text\"><span class=\"w-text-h\"><span class=\"w-text-value\">Sukkerfri<\/span><\/span><\/div><\/div><\/div><\/div><\/div><div class=\"vc_col-sm-3 vc_col-xs-6 wpb_column vc_column_container\"><div class=\"vc_column-inner\"><div class=\"wpb_wrapper\"><div class=\"w-vwrapper us_custom_bf374651 align_center valign_top\" style=\"--vwrapper-gap:1.3rem\"><div class=\"w-image align_none\"><div class=\"w-image-h\"><img width=\"550\" height=\"550\" src=\"https:\/\/fitcake.gogler.link\/wp-content\/uploads\/2023\/04\/bez-laktozy.png\" class=\"attachment-large size-large\" alt=\"\" decoding=\"async\" loading=\"lazy\" srcset=\"https:\/\/fitcake.gogler.link\/wp-content\/uploads\/2023\/04\/bez-laktozy.png 550w, https:\/\/fitcake.gogler.link\/wp-content\/uploads\/2023\/04\/bez-laktozy-300x300.png 300w, https:\/\/fitcake.gogler.link\/wp-content\/uploads\/2023\/04\/bez-laktozy-150x150.png 150w, https:\/\/fitcake.gogler.link\/wp-content\/uploads\/2023\/04\/bez-laktozy-12x12.png 12w\" sizes=\"(max-width: 550px) 100vw, 550px\" \/><\/div><\/div><div class=\"w-text\"><span class=\"w-text-h\"><span class=\"w-text-value\">Laktosefri<\/span><\/span><\/div><\/div><\/div><\/div><\/div><div class=\"vc_col-sm-3 vc_col-xs-6 wpb_column vc_column_container\"><div class=\"vc_column-inner\"><div class=\"wpb_wrapper\"><div class=\"w-vwrapper us_custom_bf374651 align_center valign_top\" style=\"--vwrapper-gap:1.3rem\"><div class=\"w-image align_none\"><div class=\"w-image-h\"><img width=\"550\" height=\"550\" src=\"https:\/\/fitcake.gogler.link\/wp-content\/uploads\/2023\/04\/bez-gluteny.png\" class=\"attachment-large size-large\" alt=\"\" decoding=\"async\" loading=\"lazy\" srcset=\"https:\/\/fitcake.gogler.link\/wp-content\/uploads\/2023\/04\/bez-gluteny.png 550w, https:\/\/fitcake.gogler.link\/wp-content\/uploads\/2023\/04\/bez-gluteny-300x300.png 300w, https:\/\/fitcake.gogler.link\/wp-content\/uploads\/2023\/04\/bez-gluteny-150x150.png 150w, https:\/\/fitcake.gogler.link\/wp-content\/uploads\/2023\/04\/bez-gluteny-12x12.png 12w\" sizes=\"(max-width: 550px) 100vw, 550px\" \/><\/div><\/div><div class=\"w-text\"><span class=\"w-text-h\"><span class=\"w-text-value\">Glutenfri<\/span><\/span><\/div><\/div><\/div><\/div><\/div><div class=\"vc_col-sm-3 vc_col-xs-6 wpb_column vc_column_container\"><div class=\"vc_column-inner\"><div class=\"wpb_wrapper\"><div class=\"w-vwrapper us_custom_bf374651 align_center valign_top\" style=\"--vwrapper-gap:1.3rem\"><div class=\"w-image align_none\"><div class=\"w-image-h\"><img width=\"550\" height=\"550\" src=\"https:\/\/fitcake.gogler.link\/wp-content\/uploads\/2023\/04\/wegan.png\" class=\"attachment-large size-large\" alt=\"\" decoding=\"async\" loading=\"lazy\" srcset=\"https:\/\/fitcake.gogler.link\/wp-content\/uploads\/2023\/04\/wegan.png 550w, https:\/\/fitcake.gogler.link\/wp-content\/uploads\/2023\/04\/wegan-300x300.png 300w, https:\/\/fitcake.gogler.link\/wp-content\/uploads\/2023\/04\/wegan-150x150.png 150w, https:\/\/fitcake.gogler.link\/wp-content\/uploads\/2023\/04\/wegan-12x12.png 12w\" sizes=\"(max-width: 550px) 100vw, 550px\" \/><\/div><\/div><div class=\"w-text\"><span class=\"w-text-h\"><span class=\"w-text-value\">Vegansk<\/span><\/span><\/div><\/div><\/div><\/div><\/div><\/div><\/div><\/section><section class=\"l-section wpb_row height_medium\"><div class=\"l-section-h i-cf\"><div class=\"g-cols vc_row via_flex valign_top type_default stacking_default\"><div class=\"vc_col-sm-12 wpb_column vc_column_container\"><div class=\"vc_column-inner\"><div class=\"wpb_wrapper\"><div class=\"w-hwrapper us_custom_b51c0c2f align_center valign_top\" style=\"--hwrapper-gap:1.6rem\"><div class=\"w-image align_none\"><div class=\"w-image-h\"><img width=\"139\" height=\"66\" src=\"https:\/\/fitcake.gogler.link\/wp-content\/uploads\/2022\/12\/blue-arrow.png\" class=\"attachment-large size-large\" alt=\"\" decoding=\"async\" loading=\"lazy\" srcset=\"https:\/\/fitcake.gogler.link\/wp-content\/uploads\/2022\/12\/blue-arrow.png 139w, https:\/\/fitcake.gogler.link\/wp-content\/uploads\/2022\/12\/blue-arrow-18x9.png 18w\" sizes=\"(max-width: 139px) 100vw, 139px\" \/><\/div><\/div><h2 class=\"w-text us_custom_0259209c has_text_color\"><span class=\"w-text-h\"><span class=\"w-text-value\">Tilbakemeldinger fra v\u00e5re gjester:<\/span><\/span><\/h2><\/div><div class=\"w-grid opinie-karty type_carousel layout_77 no_results_hide_grid cols_3\" id=\"us_grid_1\"><style>#us_grid_1 .w-grid-item{padding:1.5rem}#us_grid_1 .w-grid-list{margin:-1.5rem}.w-grid + #us_grid_1 .w-grid-list,.w-grid-none + #us_grid_1 .w-grid-list{margin-top:1.5rem}.layout_77 .w-grid-item-h{}.layout_77 .usg_vwrapper_1{border-radius:15px!important;padding:50px!important;box-shadow:9px 9px 7px 0px rgba(0,0,0,0.40)!important}.layout_77 .usg_image_1{width:119px!important;margin-left:auto!important;margin-right:auto!important}.layout_77 .usg_post_content_1{text-align:center!important;font-family:Trueno2!important;font-weight:100!important}<\/style><div class=\"w-grid-list owl-carousel navstyle_4 navpos_outside with_dots\" style=\"--arrows-size:1.8rem;\"><\/div><div class=\"g-preloader type_1\">\r\n\t<div><\/div>\r\n<\/div>\r\n\t<div class=\"w-grid-json hidden\" onclick='return {&quot;action&quot;:&quot;us_ajax_grid&quot;,&quot;ajax_url&quot;:&quot;https:\\\/\\\/fitcake.gogler.link\\\/wp-admin\\\/admin-ajax.php&quot;,&quot;infinite_scroll&quot;:0,&quot;max_num_pages&quot;:0,&quot;pagination&quot;:&quot;none&quot;,&quot;permalink_url&quot;:&quot;https:\\\/\\\/fitcake.gogler.link\\\/no\\\/wp-json\\\/wp\\\/v2\\\/pages\\\/2&quot;,&quot;template_vars&quot;:{&quot;columns&quot;:&quot;3&quot;,&quot;exclude_items&quot;:&quot;none&quot;,&quot;img_size&quot;:&quot;default&quot;,&quot;ignore_items_size&quot;:0,&quot;items_layout&quot;:&quot;77&quot;,&quot;items_offset&quot;:&quot;1&quot;,&quot;load_animation&quot;:&quot;none&quot;,&quot;overriding_link&quot;:&quot;none&quot;,&quot;post_id&quot;:2,&quot;query_args&quot;:{&quot;post_type&quot;:[&quot;us_testimonial&quot;],&quot;post_status&quot;:[&quot;publish&quot;,&quot;acf-disabled&quot;],&quot;posts_per_page&quot;:&quot;10&quot;},&quot;orderby_query_args&quot;:{&quot;orderby&quot;:{&quot;date&quot;:&quot;DESC&quot;}},&quot;type&quot;:&quot;carousel&quot;,&quot;us_grid_ajax_index&quot;:1,&quot;us_grid_filter_params&quot;:null,&quot;us_grid_index&quot;:1,&quot;_us_grid_post_type&quot;:&quot;us_testimonial&quot;},&quot;carousel_settings&quot;:{&quot;autoHeight&quot;:0,&quot;autoplay&quot;:0,&quot;carousel_fade&quot;:0,&quot;center&quot;:0,&quot;dots&quot;:1,&quot;items&quot;:&quot;3&quot;,&quot;loop&quot;:false,&quot;nav&quot;:1,&quot;slideby&quot;:&quot;1&quot;,&quot;smooth_play&quot;:0,&quot;speed&quot;:250,&quot;timeout&quot;:3000,&quot;transition&quot;:&quot;&quot;},&quot;carousel_breakpoints&quot;:{&quot;0&quot;:{&quot;autoHeight&quot;:0,&quot;autoplay&quot;:1,&quot;autoplayHoverPause&quot;:1,&quot;items&quot;:1,&quot;loop&quot;:true,&quot;stagePadding&quot;:0},&quot;600&quot;:{&quot;autoHeight&quot;:0,&quot;autoplay&quot;:1,&quot;autoplayHoverPause&quot;:1,&quot;items&quot;:2,&quot;loop&quot;:false,&quot;stagePadding&quot;:0},&quot;900&quot;:{&quot;autoHeight&quot;:0,&quot;autoplay&quot;:1,&quot;autoplayHoverPause&quot;:1,&quot;items&quot;:3,&quot;loop&quot;:false,&quot;stagePadding&quot;:0},&quot;1200&quot;:{&quot;items&quot;:3,&quot;stagePadding&quot;:0}}}'><\/div>\r\n\t<\/div><div class=\"w-grid-none type_message\">Ingen treff.<\/div><\/div><\/div><\/div><\/div><\/div><\/section>","protected":false},"excerpt":{"rendered":"O nas:Fit Cake to jedyna taka \u201eniecukiernia\u201d w Polsce. Jako pierwsi w kraju, stworzyli\u015bmy miejsce z ofert\u0105 ciast i tort\u00f3w bez cukru, glutenu i laktozy, a tak\u017ce z wieloma wega\u0144skimi propozycjami. Reasumuj\u0105c, nasze desery, mo\u017cna je\u015b\u0107 bez wyrzut\u00f3w sumienia i bez przybierania na wadze! Specjalnie dla Was, do ka\u017cdego ciasta\/ tortu\/ ciastka\/ batonika do\u0142\u0105czamy informacj\u0119...","protected":false},"author":1,"featured_media":0,"parent":0,"menu_order":0,"comment_status":"closed","ping_status":"closed","template":"","meta":[],"acf":[],"_links":{"self":[{"href":"https:\/\/fitcake.gogler.link\/no\/wp-json\/wp\/v2\/pages\/2"}],"collection":[{"href":"https:\/\/fitcake.gogler.link\/no\/wp-json\/wp\/v2\/pages"}],"about":[{"href":"https:\/\/fitcake.gogler.link\/no\/wp-json\/wp\/v2\/types\/page"}],"author":[{"embeddable":true,"href":"https:\/\/fitcake.gogler.link\/no\/wp-json\/wp\/v2\/users\/1"}],"replies":[{"embeddable":true,"href":"https:\/\/fitcake.gogler.link\/no\/wp-json\/wp\/v2\/comments?post=2"}],"version-history":[{"count":0,"href":"https:\/\/fitcake.gogler.link\/no\/wp-json\/wp\/v2\/pages\/2\/revisions"}],"wp:attachment":[{"href":"https:\/\/fitcake.gogler.link\/no\/wp-json\/wp\/v2\/media?parent=2"}],"curies":[{"name":"wp","href":"https:\/\/api.w.org\/{rel}","templated":true}]}}