{"id":1712,"date":"2023-04-12T08:48:51","date_gmt":"2023-04-12T06:48:51","guid":{"rendered":"https:\/\/fitcake.gogler.link\/?page_id=1712"},"modified":"2025-12-03T16:16:20","modified_gmt":"2025-12-03T15:16:20","slug":"tilbud","status":"publish","type":"page","link":"https:\/\/fitcake.gogler.link\/no\/tilbud\/","title":{"rendered":"Tilbud"},"content":{"rendered":"<section class=\"l-section wpb_row us_custom_3104c179 height_medium\" id=\"left-shape-section\"><div class=\"l-section-h i-cf\"><div class=\"g-cols vc_row via_flex valign_top type_default stacking_default\"><div class=\"vc_col-sm-12 wpb_column vc_column_container\"><div class=\"vc_column-inner\"><div class=\"wpb_wrapper\"><div class=\"w-hwrapper align_center valign_top wrap\" style=\"--hwrapper-gap:1.5rem\"><div class=\"w-image us_custom_fbb7fdfb align_none\"><div class=\"w-image-h\"><img width=\"139\" height=\"66\" src=\"https:\/\/fitcake.gogler.link\/wp-content\/uploads\/2022\/12\/blue-arrow.png\" class=\"attachment-large size-large\" alt=\"\" decoding=\"async\" loading=\"lazy\" srcset=\"https:\/\/fitcake.gogler.link\/wp-content\/uploads\/2022\/12\/blue-arrow.png 139w, https:\/\/fitcake.gogler.link\/wp-content\/uploads\/2022\/12\/blue-arrow-18x9.png 18w\" sizes=\"(max-width: 139px) 100vw, 139px\" \/><\/div><\/div><h2 class=\"w-text us_custom_0259209c has_text_color\"><span class=\"w-text-h\"><span class=\"w-text-value\">Sjekk tilbudet v\u00e5rt<\/span><\/span><\/h2><\/div><div class=\"w-separator size_small\"><\/div><div class=\"w-text us_custom_29f6d296 has_text_color\"><span class=\"w-text-h\"><span class=\"w-text-value\">Prisene avhenger av beliggenhet<\/span><\/span><\/div><\/div><\/div><\/div><\/div><\/div><\/section><section class=\"l-section wpb_row us_custom_8e09cc6b height_auto\" id=\"offer-prod\"><div class=\"l-section-h i-cf\"><div class=\"g-cols vc_row via_flex valign_top type_default stacking_default\"><div class=\"vc_col-sm-12 wpb_column vc_column_container\"><div class=\"vc_column-inner\"><div class=\"wpb_wrapper\"><div class=\"g-cols wpb_row us_custom_ea15b364 oferta-karty via_flex valign_top type_default stacking_default\" style=\"--additional-gap:3rem;\"><div class=\"vc_col-sm-6 wpb_column vc_column_container has-link\"><div class=\"vc_column-inner\"><div class=\"wpb_wrapper\"><div class=\"w-vwrapper us_custom_891a7cc8 align_none valign_top\"><div class=\"w-image us_custom_fd548b18 has_ratio align_none\"><div class=\"w-image-h\"><div style=\"padding-bottom:100%\"><\/div><img width=\"1024\" height=\"682\" src=\"https:\/\/fitcake.gogler.link\/wp-content\/uploads\/2023\/04\/Fit-Kater_weganski-2023-01-24-10-01-22-2-1024x682-1.jpg\" class=\"attachment-large size-large\" alt=\"\" decoding=\"async\" loading=\"lazy\" srcset=\"https:\/\/fitcake.gogler.link\/wp-content\/uploads\/2023\/04\/Fit-Kater_weganski-2023-01-24-10-01-22-2-1024x682-1.jpg 1024w, https:\/\/fitcake.gogler.link\/wp-content\/uploads\/2023\/04\/Fit-Kater_weganski-2023-01-24-10-01-22-2-1024x682-1-300x200.jpg 300w, https:\/\/fitcake.gogler.link\/wp-content\/uploads\/2023\/04\/Fit-Kater_weganski-2023-01-24-10-01-22-2-1024x682-1-600x400.jpg 600w, https:\/\/fitcake.gogler.link\/wp-content\/uploads\/2023\/04\/Fit-Kater_weganski-2023-01-24-10-01-22-2-1024x682-1-18x12.jpg 18w, https:\/\/fitcake.gogler.link\/wp-content\/uploads\/2023\/04\/Fit-Kater_weganski-2023-01-24-10-01-22-2-1024x682-1-800x533.jpg 800w\" sizes=\"(max-width: 1024px) 100vw, 1024px\" \/><\/div><\/div><h3 class=\"w-text us_custom_fda77c20 oferta-circle-text has_text_color\"><span class=\"w-text-h\"><span class=\"w-text-value\">Fit Cake-produkter<\/span><\/span><\/h3><\/div><div class=\"w-separator size_large\"><\/div><\/div><\/div><a href=\"\/no\/fit-kake-tilbud\/\" class=\"vc_column-link smooth-scroll\" aria-label=\"Lenke\"><\/a><\/div><div class=\"vc_col-sm-6 wpb_column vc_column_container has-link\"><div class=\"vc_column-inner\"><div class=\"wpb_wrapper\"><div class=\"w-vwrapper us_custom_891a7cc8 align_none valign_top\"><div class=\"w-image us_custom_fd548b18 has_ratio align_none\"><div class=\"w-image-h\"><div style=\"padding-bottom:100%\"><\/div><img width=\"1024\" height=\"683\" src=\"https:\/\/fitcake.gogler.link\/wp-content\/uploads\/2023\/04\/Sycylijski-Belmondo-keto-cannoli-siciliani-2022-02-08-20-13-50-43-1024x683-1.jpg\" class=\"attachment-large size-large\" alt=\"\" decoding=\"async\" loading=\"lazy\" srcset=\"https:\/\/fitcake.gogler.link\/wp-content\/uploads\/2023\/04\/Sycylijski-Belmondo-keto-cannoli-siciliani-2022-02-08-20-13-50-43-1024x683-1.jpg 1024w, https:\/\/fitcake.gogler.link\/wp-content\/uploads\/2023\/04\/Sycylijski-Belmondo-keto-cannoli-siciliani-2022-02-08-20-13-50-43-1024x683-1-300x200.jpg 300w, https:\/\/fitcake.gogler.link\/wp-content\/uploads\/2023\/04\/Sycylijski-Belmondo-keto-cannoli-siciliani-2022-02-08-20-13-50-43-1024x683-1-600x400.jpg 600w, https:\/\/fitcake.gogler.link\/wp-content\/uploads\/2023\/04\/Sycylijski-Belmondo-keto-cannoli-siciliani-2022-02-08-20-13-50-43-1024x683-1-18x12.jpg 18w, https:\/\/fitcake.gogler.link\/wp-content\/uploads\/2023\/04\/Sycylijski-Belmondo-keto-cannoli-siciliani-2022-02-08-20-13-50-43-1024x683-1-800x534.jpg 800w\" sizes=\"(max-width: 1024px) 100vw, 1024px\" \/><\/div><\/div><h3 class=\"w-text us_custom_fda77c20 oferta-circle-text has_text_color\"><span class=\"w-text-h\"><span class=\"w-text-value\">Keto kakeprodukter<\/span><\/span><\/h3><\/div><div class=\"w-separator size_large\"><\/div><\/div><\/div><a href=\"\/no\/keto-kake-tilbud\/\" class=\"vc_column-link smooth-scroll\" aria-label=\"Lenke\"><\/a><\/div><\/div><\/div><\/div><\/div><\/div><\/div><\/section>","protected":false},"excerpt":{"rendered":"Sprawd\u017a nasz\u0105 ofert\u0119Ceny zale\u017c\u0105 od lokalizacjiProdukty Fit CakeProdukty Keto Cake","protected":false},"author":1,"featured_media":0,"parent":0,"menu_order":0,"comment_status":"closed","ping_status":"closed","template":"","meta":[],"acf":[],"_links":{"self":[{"href":"https:\/\/fitcake.gogler.link\/no\/wp-json\/wp\/v2\/pages\/1712"}],"collection":[{"href":"https:\/\/fitcake.gogler.link\/no\/wp-json\/wp\/v2\/pages"}],"about":[{"href":"https:\/\/fitcake.gogler.link\/no\/wp-json\/wp\/v2\/types\/page"}],"author":[{"embeddable":true,"href":"https:\/\/fitcake.gogler.link\/no\/wp-json\/wp\/v2\/users\/1"}],"replies":[{"embeddable":true,"href":"https:\/\/fitcake.gogler.link\/no\/wp-json\/wp\/v2\/comments?post=1712"}],"version-history":[{"count":0,"href":"https:\/\/fitcake.gogler.link\/no\/wp-json\/wp\/v2\/pages\/1712\/revisions"}],"wp:attachment":[{"href":"https:\/\/fitcake.gogler.link\/no\/wp-json\/wp\/v2\/media?parent=1712"}],"curies":[{"name":"wp","href":"https:\/\/api.w.org\/{rel}","templated":true}]}}